{"id":202,"date":"2017-08-26T10:54:57","date_gmt":"2017-08-26T13:54:57","guid":{"rendered":"http:\/\/emaus.org.br\/itapetininga_wp_new\/?page_id=202"},"modified":"2020-02-01T01:07:25","modified_gmt":"2020-02-01T04:07:25","slug":"cursos","status":"publish","type":"page","link":"https:\/\/emaus.org.br\/itapetininga\/cursos\/","title":{"rendered":"Cursos de Ema\u00fas"},"content":{"rendered":"<p>O mais importante instrumento de evangeliza\u00e7\u00e3o da juventude do Movimento de Ema\u00fas \u00e9 o Curso de Valores Humanos e Crist\u00e3os (Curso de Ema\u00fas).<\/p>\n<p>A finalidade do Curso de Ema\u00fas \u00e9 propiciar aos jovens um programa no qual estes possam fazer uma profunda reflex\u00e3o sobre o valor da vida, da Igreja e uma viv\u00eancia em comunidade \u00e0 luz da Palavra de Deus e da doutrina da Igreja Cat\u00f3lica Apost\u00f3lica Romana.<\/p>\n<p>O Curso de Ema\u00fas \u00e9 uma resposta de obedi\u00eancia ao que nos pede a Igreja pelo Conc\u00edlio Vaticano II, pelas exorta\u00e7\u00f5es apost\u00f3licas pontificiais \u201cEvangelii Nuntiandi\u201d (Paulo VI), \u201cCatechesi Tradendae\u201d (Jo\u00e3o Paulo II) e pela confer\u00eancia de Puebla, que nos diz: \u201cQueremos dar uma resposta \u00e0 situa\u00e7\u00e3o da juventude, gra\u00e7as aos tr\u00eas crit\u00e9rios de verdades propostas pelo Papa Jo\u00e3o Paulo II: a verdade sobre Jesus Cristo, a verdade sobre a miss\u00e3o da Igreja e a verdade sobre o Homem\u201d (Doc. Puebla \u2013 1182).<\/p>\n<p>Desenvolve-se \u00e0 luz da exorta\u00e7\u00e3o do Papa Jo\u00e3o Paulo II (Catechesi Tradendae \u2013 21):<\/p>\n<p>\u201cEu insisto na necessidade de um ensino crist\u00e3o org\u00e2nico e sistem\u00e1tico, que deve ser:<br \/>\nn\u00e3o algo improvisado, mas que siga um programa que lhe permita alcan\u00e7ar o fim determinado;<br \/>\num ensino que se concentre no essencial, sem ter a pretens\u00e3o de tratar todas as quest\u00f5es disputadas e sem se transformar em investiga\u00e7\u00f5es teol\u00f3gicas ou exegeses cient\u00edficas.\u201d<\/p>\n<p>Podemos afirmar, portanto, que o Curso de Ema\u00fas n\u00e3o pode, nem deve, ser identificado como uma experi\u00eancia emocional, mas sim como uma jornada com Jesus Cristo, um programa de revis\u00e3o espiritual de 3 (tr\u00eas) dias de dura\u00e7\u00e3o, iniciando-se na noite de uma quinta-feira e encerrando-se ao final do domingo.<\/p>\n<p>O objetivo principal dos Cursos de Ema\u00fas \u00e9 o de proporcionar aos jovens um \u201cencontro pessoal e comunit\u00e1rio com Jesus Cristo, que os desperte como disc\u00edpulos e mission\u00e1rios\u201d (Documento de Aparecida, 11) que venham a se tornar l\u00edderes comunit\u00e1rios que, posteriormente, atuar\u00e3o em suas par\u00f3quias de origem. O Movimento de Ema\u00fas n\u00e3o tem como objetivo tirar os jovens de suas par\u00f3quias e, sim, dar-lhes uma s\u00f3lida forma\u00e7\u00e3o crist\u00e3 para que estes retornem \u00e0s suas par\u00f3quias e dinamizem os grupos de jovens paroquiais.<\/p>\n<h2>CLIQUE NA IMAGEM PARA ACESSAR OS CURSOS MASCULINOS<\/h2>\n<p><a href=\"https:\/\/emaus.org.br\/itapetininga\/cursos\/cursos-masculinos\/\"><img loading=\"lazy\" decoding=\"async\" class=\"aligncenter wp-image-697 size-full\" src=\"https:\/\/emaus.org.br\/itapetininga\/wp-content\/uploads\/2017\/08\/Cursos-Masculinos.jpg\" alt=\"\" width=\"1920\" height=\"500\" srcset=\"https:\/\/emaus.org.br\/itapetininga\/wp-content\/uploads\/2017\/08\/Cursos-Masculinos.jpg 1920w, https:\/\/emaus.org.br\/itapetininga\/wp-content\/uploads\/2017\/08\/Cursos-Masculinos-768x200.jpg 768w, https:\/\/emaus.org.br\/itapetininga\/wp-content\/uploads\/2017\/08\/Cursos-Masculinos-1140x297.jpg 1140w\" sizes=\"auto, (max-width: 1920px) 100vw, 1920px\" \/><\/a><\/p>\n<h2>CLIQUE NA IMAGEM PARA ACESSAR OS CURSOS FEMININOS<\/h2>\n<p><a href=\"https:\/\/emaus.org.br\/itapetininga\/cursos\/cursos-femininos\/\"><img loading=\"lazy\" decoding=\"async\" class=\"alignnone wp-image-698 size-full\" style=\"font-size: 16px;\" src=\"https:\/\/emaus.org.br\/itapetininga\/wp-content\/uploads\/2017\/08\/Cursos-Femininos.jpg\" alt=\"\" width=\"1920\" height=\"500\" srcset=\"https:\/\/emaus.org.br\/itapetininga\/wp-content\/uploads\/2017\/08\/Cursos-Femininos.jpg 1920w, https:\/\/emaus.org.br\/itapetininga\/wp-content\/uploads\/2017\/08\/Cursos-Femininos-768x200.jpg 768w, https:\/\/emaus.org.br\/itapetininga\/wp-content\/uploads\/2017\/08\/Cursos-Femininos-1140x297.jpg 1140w\" sizes=\"auto, (max-width: 1920px) 100vw, 1920px\" \/><\/a><\/p>\n","protected":false},"excerpt":{"rendered":"<p>O mais importante instrumento de evangeliza\u00e7\u00e3o da juventude do Movimento de Ema\u00fas \u00e9 o Curso de Valores Humanos e Crist\u00e3os (Curso de Ema\u00fas). A finalidade do Curso de Ema\u00fas \u00e9 propiciar aos jovens um programa no qual estes possam fazer uma profunda reflex\u00e3o sobre o valor da vida, da Igreja e uma viv\u00eancia em comunidade \u00e0 luz da Palavra de Deus e da doutrina da Igreja Cat\u00f3lica Apost\u00f3lica Romana. O Curso de Ema\u00fas \u00e9 uma resposta de obedi\u00eancia ao que nos pede a Igreja pelo Conc\u00edlio Vaticano II, pelas exorta\u00e7\u00f5es apost\u00f3licas pontificiais \u201cEvangelii Nuntiandi\u201d (Paulo VI), \u201cCatechesi Tradendae\u201d (Jo\u00e3o Paulo II) e pela confer\u00eancia de Puebla, que nos diz: \u201cQueremos dar uma resposta \u00e0 situa\u00e7\u00e3o da juventude, gra\u00e7as aos tr\u00eas crit\u00e9rios de verdades propostas pelo Papa Jo\u00e3o Paulo II: a verdade sobre Jesus Cristo, a verdade sobre a miss\u00e3o da Igreja e a verdade sobre o Homem\u201d (Doc. Puebla \u2013 1182). Desenvolve-se \u00e0 luz da exorta\u00e7\u00e3o do Papa Jo\u00e3o Paulo II (Catechesi Tradendae \u2013 21): \u201cEu insisto na necessidade de um ensino crist\u00e3o org\u00e2nico e sistem\u00e1tico, que deve ser: n\u00e3o algo improvisado, mas que siga um programa que lhe permita alcan\u00e7ar o fim determinado; um ensino que se concentre no essencial, sem ter a pretens\u00e3o de tratar todas as quest\u00f5es disputadas e sem se transformar em investiga\u00e7\u00f5es teol\u00f3gicas ou exegeses cient\u00edficas.\u201d Podemos afirmar, portanto, que o Curso de Ema\u00fas n\u00e3o pode, nem deve, ser identificado como uma experi\u00eancia emocional, mas sim como uma jornada com Jesus Cristo, um programa de revis\u00e3o espiritual de 3 (tr\u00eas) dias de dura\u00e7\u00e3o, iniciando-se na noite de uma quinta-feira e encerrando-se ao final do domingo. O objetivo principal dos Cursos de Ema\u00fas \u00e9 o de proporcionar aos jovens um \u201cencontro pessoal e comunit\u00e1rio com Jesus Cristo, que os desperte como disc\u00edpulos e mission\u00e1rios\u201d (Documento de Aparecida, 11) que venham a se tornar l\u00edderes comunit\u00e1rios que, posteriormente, atuar\u00e3o em suas par\u00f3quias de origem. O Movimento de Ema\u00fas n\u00e3o tem como objetivo tirar os jovens de suas par\u00f3quias e, sim, dar-lhes uma s\u00f3lida forma\u00e7\u00e3o crist\u00e3 para que estes retornem \u00e0s suas par\u00f3quias e dinamizem os grupos de jovens paroquiais. CLIQUE NA IMAGEM PARA ACESSAR OS CURSOS MASCULINOS CLIQUE NA IMAGEM PARA ACESSAR OS CURSOS FEMININOS<\/p>\n","protected":false},"author":2,"featured_media":0,"parent":0,"menu_order":0,"comment_status":"closed","ping_status":"closed","template":"","meta":{"_exactmetrics_skip_tracking":false,"_exactmetrics_sitenote_active":false,"_exactmetrics_sitenote_note":"","_exactmetrics_sitenote_category":0,"footnotes":""},"class_list":["post-202","page","type-page","status-publish","hentry"],"_links":{"self":[{"href":"https:\/\/emaus.org.br\/itapetininga\/wp-json\/wp\/v2\/pages\/202","targetHints":{"allow":["GET"]}}],"collection":[{"href":"https:\/\/emaus.org.br\/itapetininga\/wp-json\/wp\/v2\/pages"}],"about":[{"href":"https:\/\/emaus.org.br\/itapetininga\/wp-json\/wp\/v2\/types\/page"}],"author":[{"embeddable":true,"href":"https:\/\/emaus.org.br\/itapetininga\/wp-json\/wp\/v2\/users\/2"}],"replies":[{"embeddable":true,"href":"https:\/\/emaus.org.br\/itapetininga\/wp-json\/wp\/v2\/comments?post=202"}],"version-history":[{"count":5,"href":"https:\/\/emaus.org.br\/itapetininga\/wp-json\/wp\/v2\/pages\/202\/revisions"}],"predecessor-version":[{"id":699,"href":"https:\/\/emaus.org.br\/itapetininga\/wp-json\/wp\/v2\/pages\/202\/revisions\/699"}],"wp:attachment":[{"href":"https:\/\/emaus.org.br\/itapetininga\/wp-json\/wp\/v2\/media?parent=202"}],"curies":[{"name":"wp","href":"https:\/\/api.w.org\/{rel}","templated":true}]}}