{"id":377,"date":"2017-09-19T08:52:48","date_gmt":"2017-09-19T11:52:48","guid":{"rendered":"http:\/\/emaus.org.br\/itapetininga_wp_new\/?page_id=377"},"modified":"2020-01-27T13:42:00","modified_gmt":"2020-01-27T16:42:00","slug":"secretariado-nacional","status":"publish","type":"page","link":"https:\/\/emaus.org.br\/itapetininga\/estrutura\/secretariado-nacional\/","title":{"rendered":"Secretariado Nacional"},"content":{"rendered":"<p><img loading=\"lazy\" decoding=\"async\" class=\"alignnone size-full wp-image-449\" src=\"https:\/\/emaus.org.br\/itapetininga_wp\/wp-content\/uploads\/2017\/08\/Instituto.jpg\" alt=\"\" width=\"1920\" height=\"500\" srcset=\"https:\/\/emaus.org.br\/itapetininga\/wp-content\/uploads\/2017\/08\/Instituto.jpg 1920w, https:\/\/emaus.org.br\/itapetininga\/wp-content\/uploads\/2017\/08\/Instituto-768x200.jpg 768w, https:\/\/emaus.org.br\/itapetininga\/wp-content\/uploads\/2017\/08\/Instituto-1140x297.jpg 1140w\" sizes=\"auto, (max-width: 1920px) 100vw, 1920px\" \/><\/p>\n<header>\n<h1 class=\"entry-title singular-title\">Secretariado Nacional<\/h1>\n<\/header>\n<div class=\"entry-content\">\n<p>O Instituto das Comunidades Mission\u00e1rias de Ema\u00fas (ICME) \u00e9 dirigido e administrado pelo Secretariado Nacional. A escolha dos seus membros acontece para um mandato de quatro anos, durante a realiza\u00e7\u00e3o dos \u201cEncontros do Conselho Nacional\u201d (ECNE), podendo seus componentes ser mantidos por mais um per\u00edodo, extinguindo-se seu mandato no ato da posse dos novos membros que os substitu\u00edrem.<\/p>\n<p>Atualmente o Secretariado Nacional \u00e9 composto pelos seguintes membros:<\/p>\n<hr \/>\n<p><strong>Presidente do Conselho Nacional:<\/strong><br \/>\nDom Eduardo Benes de Sales Rodrigues, Arcebispo Em\u00e9rito de Sorocaba \u2013 SP<\/p>\n<hr \/>\n<p><strong>Diretor Espiritual:<br \/>\n<\/strong>Pe. Ign\u00e1cio Pilz<\/p>\n<hr \/>\n<p><strong>Assessor do Diretor Espiritual:<br \/>\n<\/strong>Pe. Welder de Carvalho Silva<\/p>\n<hr \/>\n<p><strong>Casal-Presidente:<\/strong><br \/>\nMarcelo Luiz Souza da Eira e Val\u00e9ria Cristina Peixoto da Eira<\/p>\n<hr \/>\n<p><strong>Casal Vice-Presidente:<br \/>\n<\/strong>Andr\u00e9 das Neves Dameda e Lisete Corr\u00eaa Dameda<\/p>\n<hr \/>\n<p><strong>1\u00ba Tesoureiro:<\/strong><br \/>\nRodrigo Dihl Schiffner<\/p>\n<hr \/>\n<p><strong>2\u00ba Tesoureiro:<\/strong><br \/>\nFernando C\u00e9sar Faria Cabral<\/p>\n<hr \/>\n<p><strong>Administrador da Internet (Webmaster):<\/strong><br \/>\nWillian Jos\u00e9 de Carvalho<\/p>\n<hr \/>\n<p><strong>1\u00ba Secret\u00e1rio:<\/strong><br \/>\nRodrigo da Silva<\/p>\n<hr \/>\n<p><strong>2\u00aa Secret\u00e1ria:<\/strong><br \/>\nSantuza de Lima Garcia<\/p>\n<\/div>\n<header>\n<h1 class=\"entry-title singular-title\">Secretariados Regionais<\/h1>\n<\/header>\n<div class=\"entry-content\">\n<div id=\"pl-379\" class=\"panel-layout\">\n<div id=\"pg-379-0\" class=\"panel-grid panel-no-style\">\n<div id=\"pgc-379-0-0\" class=\"panel-grid-cell\" data-weight=\"1\">\n<div id=\"panel-379-0-0-0\" class=\"so-panel widget widget_sow-editor panel-first-child panel-last-child\" data-index=\"0\" data-style=\"{&quot;background&quot;:&quot;#e0e0e0&quot;,&quot;background_image_attachment&quot;:false,&quot;background_display&quot;:&quot;tile&quot;}\">\n<div class=\"panel-widget-style panel-widget-style-for-379-0-0-0\">\n<div class=\"so-widget-sow-editor so-widget-sow-editor-base\">\n<div class=\"siteorigin-widget-tinymce textwidget\">\n<p>Para colabora na integraliza\u00e7\u00e3o do Movimento de Ema\u00fas em todo os lugares que ele existe, fica a cargo do Secretariado Nacional criar os Secretariados Regionais, que funcionam como representantes do Secretariado Nacional junto aos diversos (sub) secretariados (arqui) diocesanos das regi\u00f5es para as quais onde forem designados.<\/p>\n<p>Os Secretariados Regionais t\u00eam a seguinte composi\u00e7\u00e3o:<br \/>\na) o Diretor Espiritual; b) um Casal Coordenador; c) o Secret\u00e1rio e d) o Coordenador dos Cantores e Cantoras.<\/p>\n<\/div>\n<\/div>\n<p>O Ema\u00fas \u00e9 composto pelos seguintes Secretariados Regionais:<\/p>\n<p><strong>Regional Sul 1<br \/>\nSecretariados: Baj\u00e9; Cachoeira do Sul; Caxias do Sul; Cruz Alta; Frederico Westphalen; Os\u00f3rio; Pelotas; Porto Alegre; Rio Grande; Santa Maria; Santo Angelo.<\/strong><\/p>\n<\/div>\n<p><strong>Regional Sul 2<br \/>\nSecretariados: Florian\u00f3polis; Joinville e Subsecretariado de Brusque.<\/strong><\/p>\n<p><strong>Regional Sudeste 1<br \/>\nSecretariados:\u00a0Itapetininga, Jundia\u00ed, S\u00e3o Paulo, Sorocaba e Itapeva<\/strong><\/p>\n<p><strong>Regional Sudeste 2<br \/>\nJuiz de Fora, Mariana, Lavras, S\u00e3o Jo\u00e3o del-Rei, Valen\u00e7a<\/strong><\/p>\n<p><strong>Regional Centro Oeste<br \/>\nSecretariados:\u00a0Bras\u00edlia<\/strong><\/p>\n<\/div>\n<p>CLIQUE NA IMAGEM ABAIXO PARA SABER MAIS SOBRE O NOSSO SECRETARIADO REGIONAL<\/p>\n<p><a href=\"https:\/\/emaus.org.br\/itapetininga\/estrutura\/secretariados-regionais\/\"><img loading=\"lazy\" decoding=\"async\" class=\"alignnone wp-image-457 size-full\" src=\"https:\/\/emaus.org.br\/itapetininga_wp\/wp-content\/uploads\/2017\/08\/Regional.jpg\" alt=\"\" width=\"1920\" height=\"500\" srcset=\"https:\/\/emaus.org.br\/itapetininga\/wp-content\/uploads\/2017\/08\/Regional.jpg 1920w, https:\/\/emaus.org.br\/itapetininga\/wp-content\/uploads\/2017\/08\/Regional-768x200.jpg 768w, https:\/\/emaus.org.br\/itapetininga\/wp-content\/uploads\/2017\/08\/Regional-1140x297.jpg 1140w\" sizes=\"auto, (max-width: 1920px) 100vw, 1920px\" \/><\/a><\/p>\n<div id=\"panel-379-0-0-0\" class=\"so-panel widget widget_sow-editor panel-first-child panel-last-child\" data-index=\"0\" data-style=\"{&quot;background&quot;:&quot;#e0e0e0&quot;,&quot;background_image_attachment&quot;:false,&quot;background_display&quot;:&quot;tile&quot;}\"><\/div>\n<\/div>\n<\/div>\n<\/div>\n<\/div>\n","protected":false},"excerpt":{"rendered":"<p>Secretariado Nacional O Instituto das Comunidades Mission\u00e1rias de Ema\u00fas (ICME) \u00e9 dirigido e administrado pelo Secretariado Nacional. A escolha dos seus membros acontece para um mandato de quatro anos, durante a realiza\u00e7\u00e3o dos \u201cEncontros do Conselho Nacional\u201d (ECNE), podendo seus componentes ser mantidos por mais um per\u00edodo, extinguindo-se seu mandato no ato da posse dos novos membros que os substitu\u00edrem. Atualmente o Secretariado Nacional \u00e9 composto pelos seguintes membros: Presidente do Conselho Nacional: Dom Eduardo Benes de Sales Rodrigues, Arcebispo Em\u00e9rito de Sorocaba \u2013 SP Diretor Espiritual: Pe. Ign\u00e1cio Pilz Assessor do Diretor Espiritual: Pe. Welder de Carvalho Silva Casal-Presidente: Marcelo Luiz Souza da Eira e Val\u00e9ria Cristina Peixoto da Eira Casal Vice-Presidente: Andr\u00e9 das Neves Dameda e Lisete Corr\u00eaa Dameda 1\u00ba Tesoureiro: Rodrigo Dihl Schiffner 2\u00ba Tesoureiro: Fernando C\u00e9sar Faria Cabral Administrador da Internet (Webmaster): Willian Jos\u00e9 de Carvalho 1\u00ba Secret\u00e1rio: Rodrigo da Silva 2\u00aa Secret\u00e1ria: Santuza de Lima Garcia Secretariados Regionais Para colabora na integraliza\u00e7\u00e3o do Movimento de Ema\u00fas em todo os lugares que ele existe, fica a cargo do Secretariado Nacional criar os Secretariados Regionais, que funcionam como representantes do Secretariado Nacional junto aos diversos (sub) secretariados (arqui) diocesanos das regi\u00f5es para as quais onde forem designados. Os Secretariados Regionais t\u00eam a seguinte composi\u00e7\u00e3o: a) o Diretor Espiritual; b) um Casal Coordenador; c) o Secret\u00e1rio e d) o Coordenador dos Cantores e Cantoras. O Ema\u00fas \u00e9 composto pelos seguintes Secretariados Regionais: Regional Sul 1 Secretariados: Baj\u00e9; Cachoeira do Sul; Caxias do Sul; Cruz Alta; Frederico Westphalen; Os\u00f3rio; Pelotas; Porto Alegre; Rio Grande; Santa Maria; Santo Angelo. Regional Sul 2 Secretariados: Florian\u00f3polis; Joinville e Subsecretariado de Brusque. Regional Sudeste 1 Secretariados:\u00a0Itapetininga, Jundia\u00ed, S\u00e3o Paulo, Sorocaba e Itapeva Regional Sudeste 2 Juiz de Fora, Mariana, Lavras, S\u00e3o Jo\u00e3o del-Rei, Valen\u00e7a Regional Centro Oeste Secretariados:\u00a0Bras\u00edlia CLIQUE NA IMAGEM ABAIXO PARA SABER MAIS SOBRE O NOSSO SECRETARIADO REGIONAL<\/p>\n","protected":false},"author":2,"featured_media":0,"parent":197,"menu_order":0,"comment_status":"closed","ping_status":"closed","template":"","meta":{"_exactmetrics_skip_tracking":false,"_exactmetrics_sitenote_active":false,"_exactmetrics_sitenote_note":"","_exactmetrics_sitenote_category":0,"footnotes":""},"class_list":["post-377","page","type-page","status-publish","hentry"],"_links":{"self":[{"href":"https:\/\/emaus.org.br\/itapetininga\/wp-json\/wp\/v2\/pages\/377","targetHints":{"allow":["GET"]}}],"collection":[{"href":"https:\/\/emaus.org.br\/itapetininga\/wp-json\/wp\/v2\/pages"}],"about":[{"href":"https:\/\/emaus.org.br\/itapetininga\/wp-json\/wp\/v2\/types\/page"}],"author":[{"embeddable":true,"href":"https:\/\/emaus.org.br\/itapetininga\/wp-json\/wp\/v2\/users\/2"}],"replies":[{"embeddable":true,"href":"https:\/\/emaus.org.br\/itapetininga\/wp-json\/wp\/v2\/comments?post=377"}],"version-history":[{"count":7,"href":"https:\/\/emaus.org.br\/itapetininga\/wp-json\/wp\/v2\/pages\/377\/revisions"}],"predecessor-version":[{"id":678,"href":"https:\/\/emaus.org.br\/itapetininga\/wp-json\/wp\/v2\/pages\/377\/revisions\/678"}],"up":[{"embeddable":true,"href":"https:\/\/emaus.org.br\/itapetininga\/wp-json\/wp\/v2\/pages\/197"}],"wp:attachment":[{"href":"https:\/\/emaus.org.br\/itapetininga\/wp-json\/wp\/v2\/media?parent=377"}],"curies":[{"name":"wp","href":"https:\/\/api.w.org\/{rel}","templated":true}]}}