{"id":381,"date":"2017-09-19T08:54:05","date_gmt":"2017-09-19T11:54:05","guid":{"rendered":"http:\/\/emaus.org.br\/itapetininga_wp_new\/?page_id=381"},"modified":"2020-01-20T13:19:19","modified_gmt":"2020-01-20T16:19:19","slug":"secretariados-arqui-diocesanos","status":"publish","type":"page","link":"https:\/\/emaus.org.br\/itapetininga\/estrutura\/secretariados-arqui-diocesanos\/","title":{"rendered":"Secretariado Diocesano de Itapetininga"},"content":{"rendered":"<header>\n<h1><img loading=\"lazy\" decoding=\"async\" class=\"alignnone size-full wp-image-461\" src=\"https:\/\/emaus.org.br\/itapetininga_wp\/wp-content\/uploads\/2017\/09\/Itapetininga.jpg\" alt=\"\" width=\"1920\" height=\"700\" srcset=\"https:\/\/emaus.org.br\/itapetininga\/wp-content\/uploads\/2017\/09\/Itapetininga.jpg 1920w, https:\/\/emaus.org.br\/itapetininga\/wp-content\/uploads\/2017\/09\/Itapetininga-768x280.jpg 768w, https:\/\/emaus.org.br\/itapetininga\/wp-content\/uploads\/2017\/09\/Itapetininga-1140x416.jpg 1140w\" sizes=\"auto, (max-width: 1920px) 100vw, 1920px\" \/><\/h1>\n<h1 class=\"entry-title singular-title\">Secretariados (Arqui) Diocesanos<\/h1>\n<\/header>\n<div class=\"entry-content\">\n<p>Atuando nas (arqui)dioceses onde est\u00e1 inserido, o Movimento de Ema\u00fas tem como miss\u00e3o primaz a evangeliza\u00e7\u00e3o da juventude, conduzindo as mo\u00e7as e rapazes ao engajamento na suas respectivas comunidades paroquiais e, impulsionados pelo Esp\u00edrito Divino, a integra\u00e7\u00e3o respons\u00e1vel nas comunidades mission\u00e1rias que se encontram, conforme \u00e9 chamado o grupo, na estrutura e na espiritualidade.<\/p>\n<p>\u00c9 conhecido por Secretariado (arqui)diocesano o organismo encarregado de, em comunh\u00e3o com as orienta\u00e7\u00f5es do secretariado nacional, planejar, organizar e encaminhar o funcionamento das comunidades mission\u00e1rias, atrav\u00e9s da manuten\u00e7\u00e3o das atividades nas escolas, da realiza\u00e7\u00e3o dos Cursos de valores humanos e crist\u00e3os e Maranatas, bem como das demais a\u00e7\u00f5es propostas pelo movimento.<\/p>\n<p>Posto isso, os secretariados (arqui)diocesanos s\u00e3o constitu\u00eddos de:<\/p>\n<ol>\n<li>O Diretor Espiritual;<\/li>\n<li>O Col\u00e9gio Presidencial;<\/li>\n<li>O Secret\u00e1rio;<\/li>\n<li>O Tesoureiro;<\/li>\n<li>O casal, ou par (homem e mulher), respons\u00e1vel por Promo\u00e7\u00e3o e Provedoria;<\/li>\n<li>Um rapaz e uma mo\u00e7a integrantes do Movimento, como Vogais Jovens;<\/li>\n<li>Um casal, ou par (homem e mulher) de adultos ou jovens amadurecidos, integrantes do Movimento, respons\u00e1vel pela Equipe de Liturgia e Canto;<\/li>\n<\/ol>\n<p><em>*Podendo haver altera\u00e7\u00f5es de acordo com estatuto pr\u00f3prio.<\/em><\/p>\n<h1 class=\"entry-title singular-title\">Secretariado Diocesano de Itapetininga<\/h1>\n<p>Atualmente o Secretariado Diocesano de Itapetininga \u00e9 composto pelos seguintes membros:<\/p>\n<hr \/>\n<p><strong>Diretor Espiritual:<br \/>\n<\/strong>Padre\u00a0Ivan Soares &#8211; <em>Bas\u00edlica Santu\u00e1rio S\u00e3o Miguel Arcanjo<\/em> (S\u00e3o Miguel)<\/p>\n<hr \/>\n<p><strong>Col\u00e9gio Presidencial &#8211; Casal Presidente:<br \/>\n<\/strong>Henrique Jos\u00e9 Albino &amp; Lucimara Nunes Camilo Albino (Itapetininga)<strong><br \/>\n<\/strong><\/p>\n<hr \/>\n<p><strong>Col\u00e9gio Presidencial &#8211; Casal Vice-Presidente:<br \/>\n<\/strong>Francisco Spartaco Sewaybricker &amp;\u00a0Regina M\u00e1rcia Maciel Batista Sewaybricker (Pilar do Sul)<strong><br \/>\n<\/strong><\/p>\n<hr \/>\n<p><strong>Col\u00e9gio Presidencial &#8211; Casal Dire\u00e7\u00e3o Escola Mission\u00e1ria:<br \/>\n<\/strong>Adilson Crescencio &amp;\u00a0Andreia de F\u00e1tima Rippa Crescencio (Tatu\u00ed)<strong><br \/>\n<\/strong><\/p>\n<hr \/>\n<p><strong>Secretaria:<br \/>\n<\/strong>Bruno Caricatti (S\u00e3o Miguel Arcanjo)<strong><br \/>\n<\/strong><\/p>\n<hr \/>\n<p><strong>Tesouraria:<br \/>\n<\/strong>Fernando Mendes Mota (Tatu\u00ed) &amp;\u00a0Jaqueline Miranda (Tatu\u00ed)<\/p>\n<hr \/>\n<p><strong>Provedoria:<br \/>\n<\/strong>J\u00e9ssica Aparecida de Paula Carvalho (Pilar do Sul) &amp;\u00a0Debora Santos Tenorio (Guare\u00ed)<strong><br \/>\n<\/strong><\/p>\n<hr \/>\n<p><strong>Comunica\u00e7\u00e3o:<br \/>\n<\/strong>Osmedil Jhonata Furtado (Pilar do Sul)<strong><br \/>\n<\/strong><\/p>\n<hr \/>\n<p><strong>Jovens Vogais:<br \/>\n<\/strong>Bruna da Silva Maximo (Guare\u00ed) &amp;\u00a0Osmedil Jhonata Furtado (Pilar do Sul)<\/p>\n<hr \/>\n<p><strong>Coordenador(a) de Cantores e Liturgia:<br \/>\n<\/strong>Bruna de Barros Ara\u00fajo (Paranapanema) &amp;\u00a0Paulo Rochel de Meira (Itapetininga)<strong><br \/>\n<\/strong><\/p>\n<\/div>\n","protected":false},"excerpt":{"rendered":"<p>Secretariados (Arqui) Diocesanos Atuando nas (arqui)dioceses onde est\u00e1 inserido, o Movimento de Ema\u00fas tem como miss\u00e3o primaz a evangeliza\u00e7\u00e3o da juventude, conduzindo as mo\u00e7as e rapazes ao engajamento na suas respectivas comunidades paroquiais e, impulsionados pelo Esp\u00edrito Divino, a integra\u00e7\u00e3o respons\u00e1vel nas comunidades mission\u00e1rias que se encontram, conforme \u00e9 chamado o grupo, na estrutura e na espiritualidade. \u00c9 conhecido por Secretariado (arqui)diocesano o organismo encarregado de, em comunh\u00e3o com as orienta\u00e7\u00f5es do secretariado nacional, planejar, organizar e encaminhar o funcionamento das comunidades mission\u00e1rias, atrav\u00e9s da manuten\u00e7\u00e3o das atividades nas escolas, da realiza\u00e7\u00e3o dos Cursos de valores humanos e crist\u00e3os e Maranatas, bem como das demais a\u00e7\u00f5es propostas pelo movimento. Posto isso, os secretariados (arqui)diocesanos s\u00e3o constitu\u00eddos de: O Diretor Espiritual; O Col\u00e9gio Presidencial; O Secret\u00e1rio; O Tesoureiro; O casal, ou par (homem e mulher), respons\u00e1vel por Promo\u00e7\u00e3o e Provedoria; Um rapaz e uma mo\u00e7a integrantes do Movimento, como Vogais Jovens; Um casal, ou par (homem e mulher) de adultos ou jovens amadurecidos, integrantes do Movimento, respons\u00e1vel pela Equipe de Liturgia e Canto; *Podendo haver altera\u00e7\u00f5es de acordo com estatuto pr\u00f3prio. Secretariado Diocesano de Itapetininga Atualmente o Secretariado Diocesano de Itapetininga \u00e9 composto pelos seguintes membros: Diretor Espiritual: Padre\u00a0Ivan Soares &#8211; Bas\u00edlica Santu\u00e1rio S\u00e3o Miguel Arcanjo (S\u00e3o Miguel) Col\u00e9gio Presidencial &#8211; Casal Presidente: Henrique Jos\u00e9 Albino &amp; Lucimara Nunes Camilo Albino (Itapetininga) Col\u00e9gio Presidencial &#8211; Casal Vice-Presidente: Francisco Spartaco Sewaybricker &amp;\u00a0Regina M\u00e1rcia Maciel Batista Sewaybricker (Pilar do Sul) Col\u00e9gio Presidencial &#8211; Casal Dire\u00e7\u00e3o Escola Mission\u00e1ria: Adilson Crescencio &amp;\u00a0Andreia de F\u00e1tima Rippa Crescencio (Tatu\u00ed) Secretaria: Bruno Caricatti (S\u00e3o Miguel Arcanjo) Tesouraria: Fernando Mendes Mota (Tatu\u00ed) &amp;\u00a0Jaqueline Miranda (Tatu\u00ed) Provedoria: J\u00e9ssica Aparecida de Paula Carvalho (Pilar do Sul) &amp;\u00a0Debora Santos Tenorio (Guare\u00ed) Comunica\u00e7\u00e3o: Osmedil Jhonata Furtado (Pilar do Sul) Jovens Vogais: Bruna da Silva Maximo (Guare\u00ed) &amp;\u00a0Osmedil Jhonata Furtado (Pilar do Sul) Coordenador(a) de Cantores e Liturgia: Bruna de Barros Ara\u00fajo (Paranapanema) &amp;\u00a0Paulo Rochel de Meira (Itapetininga)<\/p>\n","protected":false},"author":2,"featured_media":0,"parent":197,"menu_order":0,"comment_status":"closed","ping_status":"closed","template":"","meta":{"_exactmetrics_skip_tracking":false,"_exactmetrics_sitenote_active":false,"_exactmetrics_sitenote_note":"","_exactmetrics_sitenote_category":0,"footnotes":""},"class_list":["post-381","page","type-page","status-publish","hentry"],"_links":{"self":[{"href":"https:\/\/emaus.org.br\/itapetininga\/wp-json\/wp\/v2\/pages\/381","targetHints":{"allow":["GET"]}}],"collection":[{"href":"https:\/\/emaus.org.br\/itapetininga\/wp-json\/wp\/v2\/pages"}],"about":[{"href":"https:\/\/emaus.org.br\/itapetininga\/wp-json\/wp\/v2\/types\/page"}],"author":[{"embeddable":true,"href":"https:\/\/emaus.org.br\/itapetininga\/wp-json\/wp\/v2\/users\/2"}],"replies":[{"embeddable":true,"href":"https:\/\/emaus.org.br\/itapetininga\/wp-json\/wp\/v2\/comments?post=381"}],"version-history":[{"count":22,"href":"https:\/\/emaus.org.br\/itapetininga\/wp-json\/wp\/v2\/pages\/381\/revisions"}],"predecessor-version":[{"id":640,"href":"https:\/\/emaus.org.br\/itapetininga\/wp-json\/wp\/v2\/pages\/381\/revisions\/640"}],"up":[{"embeddable":true,"href":"https:\/\/emaus.org.br\/itapetininga\/wp-json\/wp\/v2\/pages\/197"}],"wp:attachment":[{"href":"https:\/\/emaus.org.br\/itapetininga\/wp-json\/wp\/v2\/media?parent=381"}],"curies":[{"name":"wp","href":"https:\/\/api.w.org\/{rel}","templated":true}]}}