{"id":435,"date":"2019-11-18T18:43:43","date_gmt":"2019-11-18T21:43:43","guid":{"rendered":"http:\/\/emaus.org.br\/itapetininga_wp\/?page_id=435"},"modified":"2020-02-17T14:30:12","modified_gmt":"2020-02-17T17:30:12","slug":"escolas-missionarias","status":"publish","type":"page","link":"https:\/\/emaus.org.br\/itapetininga\/escolas-missionarias\/","title":{"rendered":"Escolas Mission\u00e1rias"},"content":{"rendered":"<header>\n<h1 class=\"entry-title singular-title\">Escolas Mission\u00e1rias<\/h1>\n<\/header>\n<div class=\"entry-content\">\n<p>Para concretizar a a\u00e7\u00e3o evangelizadora a que se prop\u00f5e o Movimento de Ema\u00fas, preparando os dirigentes que participar\u00e3o dos Cursos de Ema\u00fas e das diversas atividades das Comunidades, existem as Escolas Mission\u00e1rias de Ema\u00fas.<\/p>\n<p>Tendo em vista a realidade da Diocese de Itapetininga, que abrange 15 munic\u00edpios, o Secretariado Diocesano definiu que as Escolas Mission\u00e1rias ser\u00e3o realizadas nas cidades que possuem membros ativos do Movimento de Ema\u00fas, ao menos uma vez ao m\u00eas, para refletir temas pertinentes: a realidade eclesial de evangeliza\u00e7\u00e3o, aos assuntos inerentes a fase juvenil da exist\u00eancia humana e, principalmente, ao estudo e ao aprofundamento da metodologia bem como sobre cada fun\u00e7\u00e3o a ser desempenhada durante o curso.<\/p>\n<p>Atualmente contamos com Escolas Mission\u00e1rias nas cidades de Itapetininga, sede da Diocese e do Secretariado, Guare\u00ed, Paranapanema, Pilar do Sul, S\u00e3o Miguel Arcanjo e Tatu\u00ed.<\/p>\n<p><strong>Itapetininga<br \/>\nCoordena\u00e7\u00e3o:\u00a0<\/strong><i>Em transi\u00e7\u00e3o.<\/i><\/p>\n<p><a href=\"https:\/\/emaus.org.br\/itapetininga\/escolas-missionarias\/escola-itapetininga\/\"><img loading=\"lazy\" decoding=\"async\" class=\"alignnone wp-image-471\" src=\"https:\/\/emaus.org.br\/itapetininga\/wp-content\/uploads\/2019\/11\/EM-ITAPETININGA.jpg\" alt=\"\" width=\"430\" height=\"322\" \/><\/a><\/p>\n<hr \/>\n<p><strong>Tatu\u00ed<br \/>\nCoordena\u00e7\u00e3o:<\/strong>\u00a0Jo\u00e3o Francisco da Cruz\u00a0 &amp; Graziele Camargo<\/p>\n<p><a href=\"https:\/\/emaus.org.br\/itapetininga\/escolas-missionarias\/escola-tatui\/\"><img loading=\"lazy\" decoding=\"async\" class=\"alignnone wp-image-477\" src=\"https:\/\/emaus.org.br\/itapetininga\/wp-content\/uploads\/2019\/11\/EM-TATUI.jpg\" alt=\"\" width=\"430\" height=\"322\" \/><\/a><\/p>\n<hr \/>\n<p><strong>S\u00e3o Miguel Arcanjo<br \/>\nCoordena\u00e7\u00e3o:\u00a0<\/strong>Amanda Nogueira Lopes &amp;\u00a0Diego de Almeida Paulino<\/p>\n<p><a href=\"https:\/\/emaus.org.br\/itapetininga_wp\/escolas-missionarias\/escola-saomiguel\/\"><img loading=\"lazy\" decoding=\"async\" class=\"alignnone wp-image-485\" src=\"https:\/\/emaus.org.br\/itapetininga_wp\/wp-content\/uploads\/2019\/11\/EM-SMA.png\" alt=\"\" width=\"430\" height=\"322\" \/><\/a><a href=\"https:\/\/emaus.org.br\/itapetininga_wp\/escolas-missionarias\/escola-saomiguel\/\"><img loading=\"lazy\" decoding=\"async\" class=\"alignnone wp-image-485\" src=\"https:\/\/emaus.org.br\/itapetininga\/wp-content\/uploads\/2019\/11\/EM-SMA.png\" alt=\"\" width=\"430\" height=\"322\" \/><\/a><\/p>\n<hr \/>\n<p><strong>Pilar do Sul<br \/>\nCoordena\u00e7\u00e3o: <\/strong>Vict\u00f3ria de Oliveira Borgatto &amp; Caroline de Carvalho Leite<\/p>\n<p><a href=\"https:\/\/emaus.org.br\/itapetininga\/escolas-missionarias\/escola-pilardosul\/\"><img loading=\"lazy\" decoding=\"async\" class=\"alignnone wp-image-492\" src=\"https:\/\/emaus.org.br\/itapetininga\/wp-content\/uploads\/2019\/11\/EM-PILAR-DO-SUL.jpg\" alt=\"\" width=\"430\" height=\"322\" \/><\/a><\/p>\n<hr \/>\n<p><strong>Paranapanema<br \/>\nCoordena\u00e7\u00e3o: <\/strong>Mariana Fernanda Martins &amp;\u00a0Juliano dos Santos Flor<\/p>\n<p><a href=\"https:\/\/emaus.org.br\/itapetininga_wp\/escolas-missionarias\/escola-missionaria-de-paranapanema\/\"><img loading=\"lazy\" decoding=\"async\" class=\"alignnone wp-image-496\" src=\"https:\/\/emaus.org.br\/itapetininga_wp\/wp-content\/uploads\/2019\/11\/EM-PARANAPANEMA.jpg\" alt=\"\" width=\"430\" height=\"322\" \/><\/a><a href=\"https:\/\/emaus.org.br\/itapetininga\/escolas-missionarias\/escola-missionaria-de-paranapanema\/\"><img loading=\"lazy\" decoding=\"async\" class=\"alignnone wp-image-496\" src=\"https:\/\/emaus.org.br\/itapetininga\/wp-content\/uploads\/2019\/11\/EM-PARANAPANEMA.jpg\" alt=\"\" width=\"430\" height=\"322\" \/><\/a><\/p>\n<hr \/>\n<p><strong>Guare\u00ed<br \/>\nCoordena\u00e7\u00e3o: <\/strong>Jos\u00e9 Felipe Oliveira Correa &amp; Francielen Renata Ventura<i>.<\/i><\/p>\n<p><a href=\"https:\/\/emaus.org.br\/itapetininga_wp\/escolas-missionarias\/escola-guarei\/\"><img loading=\"lazy\" decoding=\"async\" class=\"alignnone wp-image-500\" src=\"https:\/\/emaus.org.br\/itapetininga_wp\/wp-content\/uploads\/2019\/11\/EM-GUAREI.jpg\" alt=\"\" width=\"430\" height=\"322\" \/><\/a><a href=\"https:\/\/emaus.org.br\/itapetininga\/escolas-missionarias\/escola-guarei\/\"><img loading=\"lazy\" decoding=\"async\" class=\"alignnone wp-image-500\" src=\"https:\/\/emaus.org.br\/itapetininga\/wp-content\/uploads\/2019\/11\/EM-GUAREI.jpg\" alt=\"\" width=\"430\" height=\"322\" \/><\/a><\/p>\n<p>&nbsp;<\/p>\n<p>&nbsp;<\/p>\n<\/div>\n","protected":false},"excerpt":{"rendered":"<p>Escolas Mission\u00e1rias Para concretizar a a\u00e7\u00e3o evangelizadora a que se prop\u00f5e o Movimento de Ema\u00fas, preparando os dirigentes que participar\u00e3o dos Cursos de Ema\u00fas e das diversas atividades das Comunidades, existem as Escolas Mission\u00e1rias de Ema\u00fas. Tendo em vista a realidade da Diocese de Itapetininga, que abrange 15 munic\u00edpios, o Secretariado Diocesano definiu que as Escolas Mission\u00e1rias ser\u00e3o realizadas nas cidades que possuem membros ativos do Movimento de Ema\u00fas, ao menos uma vez ao m\u00eas, para refletir temas pertinentes: a realidade eclesial de evangeliza\u00e7\u00e3o, aos assuntos inerentes a fase juvenil da exist\u00eancia humana e, principalmente, ao estudo e ao aprofundamento da metodologia bem como sobre cada fun\u00e7\u00e3o a ser desempenhada durante o curso. Atualmente contamos com Escolas Mission\u00e1rias nas cidades de Itapetininga, sede da Diocese e do Secretariado, Guare\u00ed, Paranapanema, Pilar do Sul, S\u00e3o Miguel Arcanjo e Tatu\u00ed. Itapetininga Coordena\u00e7\u00e3o:\u00a0Em transi\u00e7\u00e3o. Tatu\u00ed Coordena\u00e7\u00e3o:\u00a0Jo\u00e3o Francisco da Cruz\u00a0 &amp; Graziele Camargo S\u00e3o Miguel Arcanjo Coordena\u00e7\u00e3o:\u00a0Amanda Nogueira Lopes &amp;\u00a0Diego de Almeida Paulino Pilar do Sul Coordena\u00e7\u00e3o: Vict\u00f3ria de Oliveira Borgatto &amp; Caroline de Carvalho Leite Paranapanema Coordena\u00e7\u00e3o: Mariana Fernanda Martins &amp;\u00a0Juliano dos Santos Flor Guare\u00ed Coordena\u00e7\u00e3o: Jos\u00e9 Felipe Oliveira Correa &amp; Francielen Renata Ventura. &nbsp; &nbsp;<\/p>\n","protected":false},"author":5,"featured_media":0,"parent":0,"menu_order":0,"comment_status":"closed","ping_status":"closed","template":"","meta":{"_exactmetrics_skip_tracking":false,"_exactmetrics_sitenote_active":false,"_exactmetrics_sitenote_note":"","_exactmetrics_sitenote_category":0,"footnotes":""},"class_list":["post-435","page","type-page","status-publish","hentry"],"_links":{"self":[{"href":"https:\/\/emaus.org.br\/itapetininga\/wp-json\/wp\/v2\/pages\/435","targetHints":{"allow":["GET"]}}],"collection":[{"href":"https:\/\/emaus.org.br\/itapetininga\/wp-json\/wp\/v2\/pages"}],"about":[{"href":"https:\/\/emaus.org.br\/itapetininga\/wp-json\/wp\/v2\/types\/page"}],"author":[{"embeddable":true,"href":"https:\/\/emaus.org.br\/itapetininga\/wp-json\/wp\/v2\/users\/5"}],"replies":[{"embeddable":true,"href":"https:\/\/emaus.org.br\/itapetininga\/wp-json\/wp\/v2\/comments?post=435"}],"version-history":[{"count":18,"href":"https:\/\/emaus.org.br\/itapetininga\/wp-json\/wp\/v2\/pages\/435\/revisions"}],"predecessor-version":[{"id":744,"href":"https:\/\/emaus.org.br\/itapetininga\/wp-json\/wp\/v2\/pages\/435\/revisions\/744"}],"wp:attachment":[{"href":"https:\/\/emaus.org.br\/itapetininga\/wp-json\/wp\/v2\/media?parent=435"}],"curies":[{"name":"wp","href":"https:\/\/api.w.org\/{rel}","templated":true}]}}