{"id":437,"date":"2019-11-18T18:43:43","date_gmt":"2019-11-18T21:43:43","guid":{"rendered":"http:\/\/emaus.org.br\/itapetininga_wp\/?page_id=437"},"modified":"2020-01-21T02:10:08","modified_gmt":"2020-01-21T05:10:08","slug":"alavancas","status":"publish","type":"page","link":"https:\/\/emaus.org.br\/itapetininga\/alavancas\/","title":{"rendered":"Alavancas"},"content":{"rendered":"<p style=\"text-align: center;\"><img loading=\"lazy\" decoding=\"async\" class=\"size-full wp-image-644 aligncenter\" src=\"https:\/\/emaus.org.br\/itapetininga_wp\/wp-content\/uploads\/2019\/11\/Alavancas.png\" alt=\"\" width=\"1920\" height=\"500\" srcset=\"https:\/\/emaus.org.br\/itapetininga\/wp-content\/uploads\/2019\/11\/Alavancas.png 1920w, https:\/\/emaus.org.br\/itapetininga\/wp-content\/uploads\/2019\/11\/Alavancas-768x200.png 768w, https:\/\/emaus.org.br\/itapetininga\/wp-content\/uploads\/2019\/11\/Alavancas-1140x297.png 1140w\" sizes=\"auto, (max-width: 1920px) 100vw, 1920px\" \/><\/p>\n<p style=\"text-align: center;\">Mais um curso de Ema\u00fas se aproxima e sua ora\u00e7\u00e3o \u00e9 parte essencial!<\/p>\n<p style=\"text-align: center;\">Alavancas s\u00e3o ora\u00e7\u00f5es, ren\u00fancias, tudo aquilo ofertado a Deus em inten\u00e7\u00e3o ao Curso de Ema\u00fas.<\/p>\n<p style=\"text-align: center;\">Nos envie sua alavanca atrav\u00e9s do link:\u00a0<a href=\"http:\/\/abre.ai\/aCbu?fbclid=IwAR03qKcfC4OOh2l8jdBB-U--dU1RoZ0YQH1IVv_ESR7HHJX82_J5wYlyiU4\" target=\"_blank\" rel=\"nofollow noopener\" data-lynx-mode=\"asynclazy\" data-lynx-uri=\"https:\/\/l.facebook.com\/l.php?u=http%3A%2F%2Fabre.ai%2FaCbu%3Ffbclid%3DIwAR03qKcfC4OOh2l8jdBB-U--dU1RoZ0YQH1IVv_ESR7HHJX82_J5wYlyiU4&amp;h=AT0su7eDPD5R0qQA4iK0XHhl-4TCSjsGu8FZ6AUyMN0lIE9p_uIdM8RrRZZprznQk0pA7MkmMHAhtduXlrblryUZrx2aQhmRj7l8E5IP_B0bMwXKr9J8O8BLwRsG4LZBoej9UtM\">http:\/\/abre.ai\/aCbu<\/a><\/p>\n<p><a href=\"http:\/\/abre.ai\/aCbu\"><img loading=\"lazy\" decoding=\"async\" class=\"aligncenter wp-image-642 size-full\" src=\"https:\/\/emaus.org.br\/itapetininga_wp\/wp-content\/uploads\/2019\/11\/81484878_2913533915358294_7849889917055270912_n.jpg\" alt=\"\" width=\"720\" height=\"945\" \/><\/a><\/p>\n","protected":false},"excerpt":{"rendered":"<p>Mais um curso de Ema\u00fas se aproxima e sua ora\u00e7\u00e3o \u00e9 parte essencial! Alavancas s\u00e3o ora\u00e7\u00f5es, ren\u00fancias, tudo aquilo ofertado a Deus em inten\u00e7\u00e3o ao Curso de Ema\u00fas. Nos envie sua alavanca atrav\u00e9s do link:\u00a0http:\/\/abre.ai\/aCbu<\/p>\n","protected":false},"author":5,"featured_media":0,"parent":0,"menu_order":0,"comment_status":"closed","ping_status":"closed","template":"","meta":{"_exactmetrics_skip_tracking":false,"_exactmetrics_sitenote_active":false,"_exactmetrics_sitenote_note":"","_exactmetrics_sitenote_category":0,"footnotes":""},"class_list":["post-437","page","type-page","status-publish","hentry"],"_links":{"self":[{"href":"https:\/\/emaus.org.br\/itapetininga\/wp-json\/wp\/v2\/pages\/437","targetHints":{"allow":["GET"]}}],"collection":[{"href":"https:\/\/emaus.org.br\/itapetininga\/wp-json\/wp\/v2\/pages"}],"about":[{"href":"https:\/\/emaus.org.br\/itapetininga\/wp-json\/wp\/v2\/types\/page"}],"author":[{"embeddable":true,"href":"https:\/\/emaus.org.br\/itapetininga\/wp-json\/wp\/v2\/users\/5"}],"replies":[{"embeddable":true,"href":"https:\/\/emaus.org.br\/itapetininga\/wp-json\/wp\/v2\/comments?post=437"}],"version-history":[{"count":4,"href":"https:\/\/emaus.org.br\/itapetininga\/wp-json\/wp\/v2\/pages\/437\/revisions"}],"predecessor-version":[{"id":658,"href":"https:\/\/emaus.org.br\/itapetininga\/wp-json\/wp\/v2\/pages\/437\/revisions\/658"}],"wp:attachment":[{"href":"https:\/\/emaus.org.br\/itapetininga\/wp-json\/wp\/v2\/media?parent=437"}],"curies":[{"name":"wp","href":"https:\/\/api.w.org\/{rel}","templated":true}]}}