{"id":470,"date":"2019-11-18T20:15:00","date_gmt":"2019-11-18T23:15:00","guid":{"rendered":"http:\/\/emaus.org.br\/itapetininga_wp\/?page_id=470"},"modified":"2020-01-27T13:33:53","modified_gmt":"2020-01-27T16:33:53","slug":"escola-itapetininga","status":"publish","type":"page","link":"https:\/\/emaus.org.br\/itapetininga\/escolas-missionarias\/escola-itapetininga\/","title":{"rendered":"Escola Mission\u00e1ria de Itapetininga"},"content":{"rendered":"<header>\n<h1><img loading=\"lazy\" decoding=\"async\" class=\"alignnone size-full wp-image-471\" src=\"https:\/\/emaus.org.br\/itapetininga\/wp-content\/uploads\/2019\/11\/EM-ITAPETININGA.jpg\" alt=\"\" width=\"743\" height=\"557\" \/><\/h1>\n<h1 class=\"entry-title singular-title\">Escola Mission\u00e1ria de Itapetininga<\/h1>\n<\/header>\n<div class=\"entry-content\">\n<p><strong>QUANDO<\/strong>: Todo 3\u00ba domingo m\u00eas, iniciando \u00e0s 19h00, com a Santa Missa na Catedral Nossa Senhora dos Prazeres.<br \/>\n<strong>LOCAL<\/strong>: ISPAI (Instituto S\u00e3o Paulo Ap\u00f3stolo de Itapetininga).<br \/>\nRua Quintino Bocai\u00fava, 289 &#8211; Centro<\/p>\n<p><strong>COORDENA\u00c7\u00c3O<\/strong>: <em>Escola Mission\u00e1ria em per\u00edodo de transi\u00e7\u00e3o<\/em><\/p>\n<\/div>\n","protected":false},"excerpt":{"rendered":"<p>Escola Mission\u00e1ria de Itapetininga QUANDO: Todo 3\u00ba domingo m\u00eas, iniciando \u00e0s 19h00, com a Santa Missa na Catedral Nossa Senhora dos Prazeres. LOCAL: ISPAI (Instituto S\u00e3o Paulo Ap\u00f3stolo de Itapetininga). Rua Quintino Bocai\u00fava, 289 &#8211; Centro COORDENA\u00c7\u00c3O: Escola Mission\u00e1ria em per\u00edodo de transi\u00e7\u00e3o<\/p>\n","protected":false},"author":5,"featured_media":0,"parent":435,"menu_order":1,"comment_status":"closed","ping_status":"closed","template":"","meta":{"_exactmetrics_skip_tracking":false,"_exactmetrics_sitenote_active":false,"_exactmetrics_sitenote_note":"","_exactmetrics_sitenote_category":0,"footnotes":""},"class_list":["post-470","page","type-page","status-publish","hentry"],"_links":{"self":[{"href":"https:\/\/emaus.org.br\/itapetininga\/wp-json\/wp\/v2\/pages\/470","targetHints":{"allow":["GET"]}}],"collection":[{"href":"https:\/\/emaus.org.br\/itapetininga\/wp-json\/wp\/v2\/pages"}],"about":[{"href":"https:\/\/emaus.org.br\/itapetininga\/wp-json\/wp\/v2\/types\/page"}],"author":[{"embeddable":true,"href":"https:\/\/emaus.org.br\/itapetininga\/wp-json\/wp\/v2\/users\/5"}],"replies":[{"embeddable":true,"href":"https:\/\/emaus.org.br\/itapetininga\/wp-json\/wp\/v2\/comments?post=470"}],"version-history":[{"count":8,"href":"https:\/\/emaus.org.br\/itapetininga\/wp-json\/wp\/v2\/pages\/470\/revisions"}],"predecessor-version":[{"id":672,"href":"https:\/\/emaus.org.br\/itapetininga\/wp-json\/wp\/v2\/pages\/470\/revisions\/672"}],"up":[{"embeddable":true,"href":"https:\/\/emaus.org.br\/itapetininga\/wp-json\/wp\/v2\/pages\/435"}],"wp:attachment":[{"href":"https:\/\/emaus.org.br\/itapetininga\/wp-json\/wp\/v2\/media?parent=470"}],"curies":[{"name":"wp","href":"https:\/\/api.w.org\/{rel}","templated":true}]}}