{"id":480,"date":"2019-11-18T20:32:18","date_gmt":"2019-11-18T23:32:18","guid":{"rendered":"http:\/\/emaus.org.br\/itapetininga_wp\/?page_id=480"},"modified":"2020-02-01T00:37:07","modified_gmt":"2020-02-01T03:37:07","slug":"escola-tatui","status":"publish","type":"page","link":"https:\/\/emaus.org.br\/itapetininga\/escolas-missionarias\/escola-tatui\/","title":{"rendered":"Escola Mission\u00e1ria de Tatu\u00ed"},"content":{"rendered":"<header>\n<h1 class=\"entry-title singular-title\"><img loading=\"lazy\" decoding=\"async\" class=\"alignnone size-full wp-image-477\" src=\"https:\/\/emaus.org.br\/itapetininga_wp\/wp-content\/uploads\/2019\/11\/EM-TATUI.jpg\" alt=\"\" width=\"743\" height=\"557\" \/><img loading=\"lazy\" decoding=\"async\" class=\"alignnone size-full wp-image-477\" src=\"https:\/\/emaus.org.br\/itapetininga\/wp-content\/uploads\/2019\/11\/EM-TATUI.jpg\" alt=\"\" width=\"743\" height=\"557\" \/><\/h1>\n<h1 class=\"entry-title singular-title\">Escola Mission\u00e1ria de Tatu\u00ed<\/h1>\n<\/header>\n<div class=\"entry-content\">\n<p><strong>QUANDO<\/strong>: Todo 1\u00ba domingo m\u00eas, iniciando \u00e0s 17h00, com a Santa Missa na Par\u00f3quia Santa Cruz.<br \/>\n<strong>LOCAL<\/strong>: Sal\u00e3o Paroquial da Santa Cruz \u00e0s 18h30<br \/>\nPra\u00e7a da Santa Cruz, Bairro Santa Cruz &#8211; Tatu\u00ed<\/p>\n<p><strong>COORDENA\u00c7\u00c3O JOVEM<\/strong>: Graziele de Camargo &amp; Jo\u00e3o Francisco da Cruz Neto &#8220;Panco&#8221;<br \/>\n<strong>CASAL ADULTO<\/strong>: Silvia Regina Ribeiro Rodrigues de Oliveira &amp; Edson Luiz de Oliveira &#8220;Cebola&#8221;<br \/>\n<strong>TESOURARIA\/PROVEDORIA<\/strong>: Lucas Henrique de Aquino &amp; Thais Cristiane Floriano Vieira<br \/>\n<strong>RESPONS\u00c1VEL DE CANTORES<\/strong>: Tiago Gon\u00e7alves Camargo<\/p>\n<p><img loading=\"lazy\" decoding=\"async\" class=\"alignnone size-full wp-image-518\" src=\"https:\/\/emaus.org.br\/itapetininga\/wp-content\/uploads\/2019\/11\/Nova-Escola-Tatu\u00ed.jpg\" alt=\"\" width=\"800\" height=\"800\" srcset=\"https:\/\/emaus.org.br\/itapetininga\/wp-content\/uploads\/2019\/11\/Nova-Escola-Tatu\u00ed.jpg 800w, https:\/\/emaus.org.br\/itapetininga\/wp-content\/uploads\/2019\/11\/Nova-Escola-Tatu\u00ed-768x768.jpg 768w, https:\/\/emaus.org.br\/itapetininga\/wp-content\/uploads\/2019\/11\/Nova-Escola-Tatu\u00ed-300x300.jpg 300w, https:\/\/emaus.org.br\/itapetininga\/wp-content\/uploads\/2019\/11\/Nova-Escola-Tatu\u00ed-75x75.jpg 75w\" sizes=\"auto, (max-width: 800px) 100vw, 800px\" \/><\/p>\n<\/div>\n","protected":false},"excerpt":{"rendered":"<p>Escola Mission\u00e1ria de Tatu\u00ed QUANDO: Todo 1\u00ba domingo m\u00eas, iniciando \u00e0s 17h00, com a Santa Missa na Par\u00f3quia Santa Cruz. LOCAL: Sal\u00e3o Paroquial da Santa Cruz \u00e0s 18h30 Pra\u00e7a da Santa Cruz, Bairro Santa Cruz &#8211; Tatu\u00ed COORDENA\u00c7\u00c3O JOVEM: Graziele de Camargo &amp; Jo\u00e3o Francisco da Cruz Neto &#8220;Panco&#8221; CASAL ADULTO: Silvia Regina Ribeiro Rodrigues de Oliveira &amp; Edson Luiz de Oliveira &#8220;Cebola&#8221; TESOURARIA\/PROVEDORIA: Lucas Henrique de Aquino &amp; Thais Cristiane Floriano Vieira RESPONS\u00c1VEL DE CANTORES: Tiago Gon\u00e7alves Camargo<\/p>\n","protected":false},"author":5,"featured_media":0,"parent":435,"menu_order":2,"comment_status":"closed","ping_status":"closed","template":"","meta":{"_exactmetrics_skip_tracking":false,"_exactmetrics_sitenote_active":false,"_exactmetrics_sitenote_note":"","_exactmetrics_sitenote_category":0,"footnotes":""},"class_list":["post-480","page","type-page","status-publish","hentry"],"_links":{"self":[{"href":"https:\/\/emaus.org.br\/itapetininga\/wp-json\/wp\/v2\/pages\/480","targetHints":{"allow":["GET"]}}],"collection":[{"href":"https:\/\/emaus.org.br\/itapetininga\/wp-json\/wp\/v2\/pages"}],"about":[{"href":"https:\/\/emaus.org.br\/itapetininga\/wp-json\/wp\/v2\/types\/page"}],"author":[{"embeddable":true,"href":"https:\/\/emaus.org.br\/itapetininga\/wp-json\/wp\/v2\/users\/5"}],"replies":[{"embeddable":true,"href":"https:\/\/emaus.org.br\/itapetininga\/wp-json\/wp\/v2\/comments?post=480"}],"version-history":[{"count":17,"href":"https:\/\/emaus.org.br\/itapetininga\/wp-json\/wp\/v2\/pages\/480\/revisions"}],"predecessor-version":[{"id":686,"href":"https:\/\/emaus.org.br\/itapetininga\/wp-json\/wp\/v2\/pages\/480\/revisions\/686"}],"up":[{"embeddable":true,"href":"https:\/\/emaus.org.br\/itapetininga\/wp-json\/wp\/v2\/pages\/435"}],"wp:attachment":[{"href":"https:\/\/emaus.org.br\/itapetininga\/wp-json\/wp\/v2\/media?parent=480"}],"curies":[{"name":"wp","href":"https:\/\/api.w.org\/{rel}","templated":true}]}}