{"id":483,"date":"2019-11-18T20:38:14","date_gmt":"2019-11-18T23:38:14","guid":{"rendered":"http:\/\/emaus.org.br\/itapetininga_wp\/?page_id=483"},"modified":"2020-01-27T13:34:14","modified_gmt":"2020-01-27T16:34:14","slug":"escola-saomiguel","status":"publish","type":"page","link":"https:\/\/emaus.org.br\/itapetininga\/escolas-missionarias\/escola-saomiguel\/","title":{"rendered":"Escola Mission\u00e1ria de S\u00e3o Miguel Arcanjo"},"content":{"rendered":"<header>\n<h1 class=\"entry-title singular-title\"><img loading=\"lazy\" decoding=\"async\" class=\"alignnone size-full wp-image-485\" src=\"https:\/\/emaus.org.br\/itapetininga\/wp-content\/uploads\/2019\/11\/EM-SMA.png\" alt=\"\" width=\"743\" height=\"557\" \/><\/h1>\n<h1 class=\"entry-title singular-title\">Escola Mission\u00e1ria de S\u00e3o Miguel Arcanjo<\/h1>\n<\/header>\n<div class=\"entry-content\">\n<p><strong>QUANDO<\/strong>: Todo 3\u00ba domingo m\u00eas, iniciando \u00e0s 19h00, com a Santa Missa na Bas\u00edlica Santu\u00e1rio S\u00e3o Miguel Arcanjo.<br \/>\n<strong>LOCAL<\/strong>: Sal\u00e3o Paroquial \u00e0s 19:00, Bas\u00edlica Santu\u00e1rio S\u00e3o Miguel Arcanjo, Pra\u00e7a\u00a0Tenente Urias, s\/n, Centro.<\/p>\n<p><strong>COORDENA\u00c7\u00c3O JOVEM<\/strong>:\u00a0Amanda Nogueira Lopes &amp;\u00a0Diego de Almeida Paulino<br \/>\n<strong>RESPONS\u00c1VEL DE CANTORES<\/strong>: Marlon<\/p>\n<\/div>\n","protected":false},"excerpt":{"rendered":"<p>Escola Mission\u00e1ria de S\u00e3o Miguel Arcanjo QUANDO: Todo 3\u00ba domingo m\u00eas, iniciando \u00e0s 19h00, com a Santa Missa na Bas\u00edlica Santu\u00e1rio S\u00e3o Miguel Arcanjo. LOCAL: Sal\u00e3o Paroquial \u00e0s 19:00, Bas\u00edlica Santu\u00e1rio S\u00e3o Miguel Arcanjo, Pra\u00e7a\u00a0Tenente Urias, s\/n, Centro. COORDENA\u00c7\u00c3O JOVEM:\u00a0Amanda Nogueira Lopes &amp;\u00a0Diego de Almeida Paulino RESPONS\u00c1VEL DE CANTORES: Marlon<\/p>\n","protected":false},"author":5,"featured_media":0,"parent":435,"menu_order":3,"comment_status":"closed","ping_status":"closed","template":"","meta":{"_exactmetrics_skip_tracking":false,"_exactmetrics_sitenote_active":false,"_exactmetrics_sitenote_note":"","_exactmetrics_sitenote_category":0,"footnotes":""},"class_list":["post-483","page","type-page","status-publish","hentry"],"_links":{"self":[{"href":"https:\/\/emaus.org.br\/itapetininga\/wp-json\/wp\/v2\/pages\/483","targetHints":{"allow":["GET"]}}],"collection":[{"href":"https:\/\/emaus.org.br\/itapetininga\/wp-json\/wp\/v2\/pages"}],"about":[{"href":"https:\/\/emaus.org.br\/itapetininga\/wp-json\/wp\/v2\/types\/page"}],"author":[{"embeddable":true,"href":"https:\/\/emaus.org.br\/itapetininga\/wp-json\/wp\/v2\/users\/5"}],"replies":[{"embeddable":true,"href":"https:\/\/emaus.org.br\/itapetininga\/wp-json\/wp\/v2\/comments?post=483"}],"version-history":[{"count":8,"href":"https:\/\/emaus.org.br\/itapetininga\/wp-json\/wp\/v2\/pages\/483\/revisions"}],"predecessor-version":[{"id":673,"href":"https:\/\/emaus.org.br\/itapetininga\/wp-json\/wp\/v2\/pages\/483\/revisions\/673"}],"up":[{"embeddable":true,"href":"https:\/\/emaus.org.br\/itapetininga\/wp-json\/wp\/v2\/pages\/435"}],"wp:attachment":[{"href":"https:\/\/emaus.org.br\/itapetininga\/wp-json\/wp\/v2\/media?parent=483"}],"curies":[{"name":"wp","href":"https:\/\/api.w.org\/{rel}","templated":true}]}}