{"id":491,"date":"2019-11-18T20:45:38","date_gmt":"2019-11-18T23:45:38","guid":{"rendered":"http:\/\/emaus.org.br\/itapetininga_wp\/?page_id=491"},"modified":"2020-02-01T00:40:12","modified_gmt":"2020-02-01T03:40:12","slug":"escola-pilardosul","status":"publish","type":"page","link":"https:\/\/emaus.org.br\/itapetininga\/escolas-missionarias\/escola-pilardosul\/","title":{"rendered":"Escola Mission\u00e1ria de Pilar do Sul"},"content":{"rendered":"<header>\n<h1><img loading=\"lazy\" decoding=\"async\" class=\"alignnone size-full wp-image-492\" src=\"https:\/\/emaus.org.br\/itapetininga\/wp-content\/uploads\/2019\/11\/EM-PILAR-DO-SUL.jpg\" alt=\"\" width=\"743\" height=\"557\" \/><\/h1>\n<h1 class=\"entry-title singular-title\">Escola Mission\u00e1ria de Pilar do Sul<\/h1>\n<\/header>\n<div class=\"entry-content\">\n<p><strong>QUANDO<\/strong>: Todo 4\u00ba domingo m\u00eas, iniciando \u00e0s 18h00.<br \/>\n<strong>LOCAL<\/strong>: Audit\u00f3rio S\u00e3o Jo\u00e3o Paulo II, Par\u00f3quia Bom Jesus do Bom Fim.<br \/>\nRua Jos\u00e9 Martins Perches, 140, Centro &#8211; Pilar do Sul<\/p>\n<p><strong>COORDENA\u00c7\u00c3O JOVEM<\/strong>: Vict\u00f3ria de Oliveira Borgatto &amp; Caroline de Carvalho Leite<br \/>\n<strong>CASAL ADULTO<\/strong>: Jonas Paulo Ferreira &amp; Juliana Souza Ferreira<br \/>\n<strong>ESCOLA MISSION\u00c1RIA:<\/strong> Lucas Jos\u00e9 de G\u00f3es Domingues, Fabiana Almeida Domingues, Diego Mariano e Fatima Cipriano<br \/>\n<strong>TER\u00c7O &#8220;JO\u00c3O BATISTA&#8221;:<\/strong> Beatriz de Oliveira Moura e Marcelo Machado<br \/>\n<strong>LITURGIA<\/strong>: Lucilaine Francisca de G\u00f3es Domingues<br \/>\n<strong>RESPONS\u00c1VEL DE CANTORES<\/strong>: Jos\u00e9 Carlos Batista J\u00fanior<\/p>\n<\/div>\n","protected":false},"excerpt":{"rendered":"<p>Escola Mission\u00e1ria de Pilar do Sul QUANDO: Todo 4\u00ba domingo m\u00eas, iniciando \u00e0s 18h00. LOCAL: Audit\u00f3rio S\u00e3o Jo\u00e3o Paulo II, Par\u00f3quia Bom Jesus do Bom Fim. Rua Jos\u00e9 Martins Perches, 140, Centro &#8211; Pilar do Sul COORDENA\u00c7\u00c3O JOVEM: Vict\u00f3ria de Oliveira Borgatto &amp; Caroline de Carvalho Leite CASAL ADULTO: Jonas Paulo Ferreira &amp; Juliana Souza Ferreira ESCOLA MISSION\u00c1RIA: Lucas Jos\u00e9 de G\u00f3es Domingues, Fabiana Almeida Domingues, Diego Mariano e Fatima Cipriano TER\u00c7O &#8220;JO\u00c3O BATISTA&#8221;: Beatriz de Oliveira Moura e Marcelo Machado LITURGIA: Lucilaine Francisca de G\u00f3es Domingues RESPONS\u00c1VEL DE CANTORES: Jos\u00e9 Carlos Batista J\u00fanior<\/p>\n","protected":false},"author":5,"featured_media":0,"parent":435,"menu_order":4,"comment_status":"closed","ping_status":"closed","template":"","meta":{"_exactmetrics_skip_tracking":false,"_exactmetrics_sitenote_active":false,"_exactmetrics_sitenote_note":"","_exactmetrics_sitenote_category":0,"footnotes":""},"class_list":["post-491","page","type-page","status-publish","hentry"],"_links":{"self":[{"href":"https:\/\/emaus.org.br\/itapetininga\/wp-json\/wp\/v2\/pages\/491","targetHints":{"allow":["GET"]}}],"collection":[{"href":"https:\/\/emaus.org.br\/itapetininga\/wp-json\/wp\/v2\/pages"}],"about":[{"href":"https:\/\/emaus.org.br\/itapetininga\/wp-json\/wp\/v2\/types\/page"}],"author":[{"embeddable":true,"href":"https:\/\/emaus.org.br\/itapetininga\/wp-json\/wp\/v2\/users\/5"}],"replies":[{"embeddable":true,"href":"https:\/\/emaus.org.br\/itapetininga\/wp-json\/wp\/v2\/comments?post=491"}],"version-history":[{"count":18,"href":"https:\/\/emaus.org.br\/itapetininga\/wp-json\/wp\/v2\/pages\/491\/revisions"}],"predecessor-version":[{"id":583,"href":"https:\/\/emaus.org.br\/itapetininga\/wp-json\/wp\/v2\/pages\/491\/revisions\/583"}],"up":[{"embeddable":true,"href":"https:\/\/emaus.org.br\/itapetininga\/wp-json\/wp\/v2\/pages\/435"}],"wp:attachment":[{"href":"https:\/\/emaus.org.br\/itapetininga\/wp-json\/wp\/v2\/media?parent=491"}],"curies":[{"name":"wp","href":"https:\/\/api.w.org\/{rel}","templated":true}]}}