{"id":498,"date":"2019-11-18T20:54:05","date_gmt":"2019-11-18T23:54:05","guid":{"rendered":"http:\/\/emaus.org.br\/itapetininga_wp\/?page_id=498"},"modified":"2020-01-27T13:34:42","modified_gmt":"2020-01-27T16:34:42","slug":"escola-paranapanema","status":"publish","type":"page","link":"https:\/\/emaus.org.br\/itapetininga\/escolas-missionarias\/escola-paranapanema\/","title":{"rendered":"Escola Mission\u00e1ria de Paranapanema"},"content":{"rendered":"<header>\n<h1 class=\"entry-title singular-title\"><img loading=\"lazy\" decoding=\"async\" class=\"alignnone size-full wp-image-496\" src=\"https:\/\/emaus.org.br\/itapetininga\/wp-content\/uploads\/2019\/11\/EM-PARANAPANEMA.jpg\" alt=\"\" width=\"743\" height=\"557\" \/><\/h1>\n<h1 class=\"entry-title singular-title\">Escola Mission\u00e1ria de Paranapanema<\/h1>\n<p class=\"entry-title singular-title\"><strong style=\"font-size: 16px;\">QUANDO<\/strong><span style=\"font-size: 16px;\">: Todo 2\u00ba domingo m\u00eas, iniciando \u00e0s 17h00, na comunidade Santa Terezinha.<br \/>\n<\/span><strong style=\"font-size: 16px;\">LOCAL<\/strong><span style=\"font-size: 16px;\">: Comunidade Santa Terezinha, in\u00edcio ap\u00f3s a missa.<\/span><\/p>\n<\/header>\n<div class=\"entry-content\">\n<p><strong>COORDENA\u00c7\u00c3O JOVEM<\/strong>:\u00a0Mariana Fernanda Martins &amp;\u00a0Juliano dos Santos Flor<br \/>\n<strong>TESOURARIA\/PROVEDORIA<\/strong>:\u00a0Felipe Eduardo de Oliveira Coppola<\/p>\n<\/div>\n","protected":false},"excerpt":{"rendered":"<p>Escola Mission\u00e1ria de Paranapanema QUANDO: Todo 2\u00ba domingo m\u00eas, iniciando \u00e0s 17h00, na comunidade Santa Terezinha. LOCAL: Comunidade Santa Terezinha, in\u00edcio ap\u00f3s a missa. COORDENA\u00c7\u00c3O JOVEM:\u00a0Mariana Fernanda Martins &amp;\u00a0Juliano dos Santos Flor TESOURARIA\/PROVEDORIA:\u00a0Felipe Eduardo de Oliveira Coppola<\/p>\n","protected":false},"author":5,"featured_media":0,"parent":435,"menu_order":5,"comment_status":"closed","ping_status":"closed","template":"","meta":{"_exactmetrics_skip_tracking":false,"_exactmetrics_sitenote_active":false,"_exactmetrics_sitenote_note":"","_exactmetrics_sitenote_category":0,"footnotes":""},"class_list":["post-498","page","type-page","status-publish","hentry"],"_links":{"self":[{"href":"https:\/\/emaus.org.br\/itapetininga\/wp-json\/wp\/v2\/pages\/498","targetHints":{"allow":["GET"]}}],"collection":[{"href":"https:\/\/emaus.org.br\/itapetininga\/wp-json\/wp\/v2\/pages"}],"about":[{"href":"https:\/\/emaus.org.br\/itapetininga\/wp-json\/wp\/v2\/types\/page"}],"author":[{"embeddable":true,"href":"https:\/\/emaus.org.br\/itapetininga\/wp-json\/wp\/v2\/users\/5"}],"replies":[{"embeddable":true,"href":"https:\/\/emaus.org.br\/itapetininga\/wp-json\/wp\/v2\/comments?post=498"}],"version-history":[{"count":12,"href":"https:\/\/emaus.org.br\/itapetininga\/wp-json\/wp\/v2\/pages\/498\/revisions"}],"predecessor-version":[{"id":674,"href":"https:\/\/emaus.org.br\/itapetininga\/wp-json\/wp\/v2\/pages\/498\/revisions\/674"}],"up":[{"embeddable":true,"href":"https:\/\/emaus.org.br\/itapetininga\/wp-json\/wp\/v2\/pages\/435"}],"wp:attachment":[{"href":"https:\/\/emaus.org.br\/itapetininga\/wp-json\/wp\/v2\/media?parent=498"}],"curies":[{"name":"wp","href":"https:\/\/api.w.org\/{rel}","templated":true}]}}