{"id":173,"date":"2017-08-26T10:16:15","date_gmt":"2017-08-26T13:16:15","guid":{"rendered":"http:\/\/emaus.org.br\/jundiai_new\/?page_id=173"},"modified":"2017-09-19T09:03:26","modified_gmt":"2017-09-19T12:03:26","slug":"evangelho-de-inspiracao","status":"publish","type":"page","link":"https:\/\/emaus.org.br\/jundiai\/o-movimento\/evangelho-de-inspiracao\/","title":{"rendered":"Evangelho de inspira\u00e7\u00e3o"},"content":{"rendered":"<p><strong>Evangelho: Os disc\u00edpulos de Ema\u00fas<\/strong><\/p>\n<p>Lc 24, 13-35<br \/>\n&#8220;Nesse mesmo dia, dois disc\u00edpulos caminhavam para uma aldeia chamada Ema\u00fas, distante de Jerusal\u00e9m sessenta est\u00e1dios. Iam falando um com o outro de tudo o que se tinha passado. Enquanto iam conversando e discorrendo entre si, o mesmo Jesus aproximou-se deles e caminhava com eles. Mas os olhos estavam-lhes como que vendados e n\u00e3o o reconheceram.<\/p>\n<p>Perguntou-lhes, ent\u00e3o: &#8220;De que estais falando pelo caminho, e por que estais tristes?&#8221; Um deles chamado Cle\u00f3fas, respondeu-lhe: &#8220;\u00c9s tu acaso o \u00fanico forasteiro em Jerusal\u00e9m que n\u00e3o sabe o que nela aconteceu estes dias?&#8221; Perguntou-lhes ele: &#8220;Que foi?&#8221; Disseram: &#8220;A respeito de Jesus de Nazar\u00e9&#8230; Era um profeta poderoso em obras e em palavras, diante de Deus e de todo o povo. Os nossos sumos sacerdotes e os nossos magistrados o entregaram para ser condenado \u00e0 morte e o crucificaram. N\u00f3s esper\u00e1vamos que fosse ele que havia de restaurar Israel e agora, al\u00e9m de tudo isto, \u00e9 hoje o terceiro dia que essas coisas sucederam. \u00c9 verdade que algumas mulheres dentre n\u00f3s nos alarmaram. Elas foram ao sepulcro, antes do nascer do sol; e n\u00e3o tendo achado o seu corpo, voltaram, dizendo que tiveram uma vis\u00e3o de anjos, os quais asseguravam que est\u00e1 vivo. Alguns dos nossos foram ao sepulcro e acharam assim como as mulheres tinham dito, mas a ele mesmo n\u00e3o viram.&#8221;<\/p>\n<p>Jesus lhes disse. &#8220;\u00d3 gente sem intelig\u00eancia! Como sois tardos de cora\u00e7\u00e3o para crerdes em tudo o que anunciaram os profetas! Porventura n\u00e3o era necess\u00e1rio que o Cristo sofresse essas coisas e assim entrasse na sua gl\u00f3ria?&#8221; E come\u00e7ando por Mois\u00e9s, percorrendo todos os profetas, explicava-lhes o que dele se achava dito em todas as Escrituras.<\/p>\n<p>Aproximaram-se da aldeia para onde iam e ele fez como se quisesse passar adiante. Mas eles for\u00e7aram-no a parar: <\/p>\n<blockquote><p>Fica conosco, j\u00e1 \u00e9 tarde e j\u00e1 declina o dia.<\/p><\/blockquote>\n<p> Entrou ent\u00e3o com eles. Acontecendo que, estando sentado conjuntamente \u00e0 mesa, ele tomou o p\u00e3o, aben\u00e7oou-o, partiu-o e serviu-lho. Ent\u00e3o se lhes abriram os olhos e o reconheceram&#8230; mas ele desapereceu.<\/p>\n<p>Diziam ent\u00e3o um para o outro: &#8220;N\u00e3o se nos abrasava o cora\u00e7\u00e3o, quando ele nos falava pelo caminho e nos explicava as Escrituras?&#8221; Levantaram-se na mesma hora e voltaram a Jerusal\u00e9m. A\u00ed acharam reunidos os onze e os que com eles estavam. Todos diziam: &#8220;O Senhor ressuscitou verdadeiramente e apareceu a Sim\u00e3o. Eles, por sua parte, contaram o que lhes havia acontecido no caminho e como o tinham reconhecido ao partir o p\u00e3o.&#8221;<\/p>\n","protected":false},"excerpt":{"rendered":"<p>Evangelho: Os disc\u00edpulos de Ema\u00fas Lc 24, 13-35 &#8220;Nesse mesmo dia, dois disc\u00edpulos caminhavam para uma aldeia chamada Ema\u00fas, distante de Jerusal\u00e9m sessenta est\u00e1dios. Iam falando um com o outro de tudo o que se tinha passado. Enquanto iam conversando e discorrendo entre si, o mesmo Jesus aproximou-se deles e &hellip;<\/p>\n","protected":false},"author":1,"featured_media":0,"parent":12,"menu_order":0,"comment_status":"closed","ping_status":"closed","template":"","meta":{"footnotes":""},"class_list":["post-173","page","type-page","status-publish","hentry"],"_links":{"self":[{"href":"https:\/\/emaus.org.br\/jundiai\/wp-json\/wp\/v2\/pages\/173","targetHints":{"allow":["GET"]}}],"collection":[{"href":"https:\/\/emaus.org.br\/jundiai\/wp-json\/wp\/v2\/pages"}],"about":[{"href":"https:\/\/emaus.org.br\/jundiai\/wp-json\/wp\/v2\/types\/page"}],"author":[{"embeddable":true,"href":"https:\/\/emaus.org.br\/jundiai\/wp-json\/wp\/v2\/users\/1"}],"replies":[{"embeddable":true,"href":"https:\/\/emaus.org.br\/jundiai\/wp-json\/wp\/v2\/comments?post=173"}],"version-history":[{"count":2,"href":"https:\/\/emaus.org.br\/jundiai\/wp-json\/wp\/v2\/pages\/173\/revisions"}],"predecessor-version":[{"id":176,"href":"https:\/\/emaus.org.br\/jundiai\/wp-json\/wp\/v2\/pages\/173\/revisions\/176"}],"up":[{"embeddable":true,"href":"https:\/\/emaus.org.br\/jundiai\/wp-json\/wp\/v2\/pages\/12"}],"wp:attachment":[{"href":"https:\/\/emaus.org.br\/jundiai\/wp-json\/wp\/v2\/media?parent=173"}],"curies":[{"name":"wp","href":"https:\/\/api.w.org\/{rel}","templated":true}]}}