{"id":177,"date":"2017-08-26T10:22:20","date_gmt":"2017-08-26T13:22:20","guid":{"rendered":"http:\/\/emaus.org.br\/jundiai_new\/?page_id=177"},"modified":"2017-09-19T09:01:22","modified_gmt":"2017-09-19T12:01:22","slug":"sao-joao-batista-nosso-padroeiro","status":"publish","type":"page","link":"https:\/\/emaus.org.br\/jundiai\/o-movimento\/sao-joao-batista-nosso-padroeiro\/","title":{"rendered":"Nosso Padroeiro"},"content":{"rendered":"<p><strong>Nosso Padroeiro: S\u00e3o Jo\u00e3o Batista<\/strong><\/p>\n<p>Jo\u00e3o Batista \u00e9 o \u00fanico Santo, al\u00e9m da Virgem Maria, de quem a liturgia celebra o nascimento para o c\u00e9u, celebrando o nascimento segundo a carne.<\/p>\n<p>A Liturgia festeja no nascimento de S\u00e3o Jo\u00e3o Batista, &#8220;a Aurora da Salva\u00e7\u00e3o&#8221;, o aparecimento neste mundo do Precursor do Messias.O nascimento do Precursor, seis meses antes do nascimento de Jesus, participa da grandeza do mist\u00e9rio da encarna\u00e7\u00e3o que ele anuncia. Isso se deve, certamente, \u00e0 miss\u00e3o \u00fanica que, na hist\u00f3ria da salva\u00e7\u00e3o, foi confiada a este homem santificado, no seio da sua m\u00e3e, pela presen\u00e7a do Salvador, que dir\u00e1 mais tarde: &#8220;Que fostes ver no deserto?&#8230; Um profeta? Sim, Eu vos digo, \u00e9 mais que um profeta. Este \u00e9 aquele de quem foi dito: &#8220;Eis que envio a tua frente o meu anjo, que preparar\u00e1 Teu caminho diante de ti&#8221;, pois, Eu vos digo que entre os nascidos de mulheres n\u00e3o h\u00e1 ningu\u00e9m maior do que Jo\u00e3o. Mas, o que \u00e9 menor no Reino de Deus \u00e9 maior do que ele&#8221;. (Lc 7, 24 a 28)<\/p>\n<p>Foi pois, o maior entre os profetas, porque p\u00f4de apontar o &#8220;Cordeiro de Deus que tira o pecado do mundo&#8221; (Jo 1,29-36). Sua voca\u00e7\u00e3o prof\u00e9tica desde o ventre materno, reveste-se de acontecimentos extraordin\u00e1rios, repletos de j\u00fabilo messi\u00e2nico, que preparam o nascimento de Jesus. (cf. Lc. 1, 14-58)<\/p>\n<p>Profeta do Alt\u00edssimo, Jo\u00e3o Batista \u00e9 prefigurado por Jeremias: &#8211; &#8220;antes de te formar no ventre materno, Eu te escolhi; antes que sa\u00edsses do seio de tua m\u00e3e, Eu te consagrei e te constitui profeta entre as na\u00e7\u00f5es&#8221; (Jer 1,4-10). Mais do que ele, Jo\u00e3o foi consagrado desde o seio materno para anunciar o Salvador e preparar as almas para a sua vinda.<br \/>\nAnel de liga\u00e7\u00e3o entre a Antiga e a Nova Alian\u00e7a, Jo\u00e3o foi acima de tudo o enviado de Deus, uma testemunha fiel da luz, aquele que anunciou Cristo e O apresentou ao mundo. O Batismo de penit\u00eancia, que acompanha o an\u00fancio dos \u00faltimos tempos, \u00e9 figura do batismo segundo o Esp\u00edrito (Mt 3,11). Profeta por excel\u00eancia, a ponto de n\u00e3o ser sen\u00e3o uma &#8220;voz&#8221; de Deus que clama, ele \u00e9 o precursor imediato de Cristo: vai \u00e0 Sua frente, apontando, com sua palavra e com o exemplo de sua vida, as condi\u00e7\u00f5es necess\u00e1rias para receber a salva\u00e7\u00e3o.<\/p>\n<p>A solenidade do Precursor, \u00e9 um convite para que conhe\u00e7amos a Cristo, Sol que nos vem visitar na Eucaristia. Demos pois, testemunho d\u2019Ele, com o ardor, o desinteresse e a generosidade de Jo\u00e3o Batista. A data da festa, tr\u00eas meses ap\u00f3s a Anuncia\u00e7\u00e3o e seis meses antes do Natal, corresponde as indica\u00e7\u00f5es de Lucas (Lc. 39-56 a 57). Por isso a ant\u00edfona de entrada da missa de Vig\u00edlia come\u00e7a com estas palavras: &#8220;ser\u00e1 grande diante do Senhor; estar\u00e1 cheio do Esp\u00edrito Santo desde o seio materno e muitos se alegrar\u00e3o com o seu nascimento&#8221;.<\/p>\n<p>Pe\u00e7amos a Jo\u00e3o Batista que continue o seu papel de Precursor junto de n\u00f3s, guiando sempre nossas almas nos caminhos da salva\u00e7\u00e3o.<\/p>\n<p>(adapta\u00e7\u00e3o da introdu\u00e7\u00e3o do Missal Romano do Brasil e de Portugal)<\/p>\n","protected":false},"excerpt":{"rendered":"<p>Nosso Padroeiro: S\u00e3o Jo\u00e3o Batista Jo\u00e3o Batista \u00e9 o \u00fanico Santo, al\u00e9m da Virgem Maria, de quem a liturgia celebra o nascimento para o c\u00e9u, celebrando o nascimento segundo a carne. A Liturgia festeja no nascimento de S\u00e3o Jo\u00e3o Batista, &#8220;a Aurora da Salva\u00e7\u00e3o&#8221;, o aparecimento neste mundo do Precursor &hellip;<\/p>\n","protected":false},"author":1,"featured_media":0,"parent":12,"menu_order":0,"comment_status":"closed","ping_status":"closed","template":"","meta":{"footnotes":""},"class_list":["post-177","page","type-page","status-publish","hentry"],"_links":{"self":[{"href":"https:\/\/emaus.org.br\/jundiai\/wp-json\/wp\/v2\/pages\/177","targetHints":{"allow":["GET"]}}],"collection":[{"href":"https:\/\/emaus.org.br\/jundiai\/wp-json\/wp\/v2\/pages"}],"about":[{"href":"https:\/\/emaus.org.br\/jundiai\/wp-json\/wp\/v2\/types\/page"}],"author":[{"embeddable":true,"href":"https:\/\/emaus.org.br\/jundiai\/wp-json\/wp\/v2\/users\/1"}],"replies":[{"embeddable":true,"href":"https:\/\/emaus.org.br\/jundiai\/wp-json\/wp\/v2\/comments?post=177"}],"version-history":[{"count":2,"href":"https:\/\/emaus.org.br\/jundiai\/wp-json\/wp\/v2\/pages\/177\/revisions"}],"predecessor-version":[{"id":374,"href":"https:\/\/emaus.org.br\/jundiai\/wp-json\/wp\/v2\/pages\/177\/revisions\/374"}],"up":[{"embeddable":true,"href":"https:\/\/emaus.org.br\/jundiai\/wp-json\/wp\/v2\/pages\/12"}],"wp:attachment":[{"href":"https:\/\/emaus.org.br\/jundiai\/wp-json\/wp\/v2\/media?parent=177"}],"curies":[{"name":"wp","href":"https:\/\/api.w.org\/{rel}","templated":true}]}}