{"id":191,"date":"2017-08-26T10:38:39","date_gmt":"2017-08-26T13:38:39","guid":{"rendered":"http:\/\/emaus.org.br\/jundiai_new\/?page_id=191"},"modified":"2018-02-27T00:10:34","modified_gmt":"2018-02-27T03:10:34","slug":"colegiado","status":"publish","type":"page","link":"https:\/\/emaus.org.br\/jundiai\/colegiado\/","title":{"rendered":"Colegiado &#8211; Jundia\u00ed"},"content":{"rendered":"<table style=\"width: 100%;\">\n<tbody>\n<tr>\n<th style=\"text-align: left;\">\n<h6><strong>\u00a0Email:<a href=\"mailto:colegiado.emausjundiai@gmail.com\"> colegiado.emausjundiai@gmail.com<\/a><\/strong><\/h6>\n<\/th>\n<th>Nome<\/th>\n<th>E-mail<\/th>\n<\/tr>\n<tr>\n<td>\n<h5><strong>Diretor Espiritual<\/strong><\/h5>\n<\/td>\n<td>Pe Andr\u00e9 Aparecido Monteiro<\/td>\n<td>pe.andremonteiro@gmail.com<\/td>\n<\/tr>\n<tr style=\"text-align: left;\">\n<td>\n<h5><strong>Casal Presidente<\/strong><\/h5>\n<\/td>\n<td>Larissa Fajar Tonetto Santos<br \/>\nMarcel Alberto de Barros Santos<\/td>\n<td>larissa@volkenpress.com.br<br \/>\nmarcel.alberto@gmail.com<\/td>\n<\/tr>\n<tr>\n<td>\n<h5>Casal Vice-Presidente<\/h5>\n<\/td>\n<td>Joyce Batista Cruz Silva<br \/>\nRodrigo Aparecido da Silva<\/td>\n<td>joyce.logistica@gmail.com<br \/>\nrosilva7891@gmail.com<\/td>\n<\/tr>\n<tr>\n<td>\n<h5>Casal Escola Mission\u00e1ria<\/h5>\n<\/td>\n<td>Elaine da Silva Fabiano Gon\u00e7alves<br \/>\nNestor Gon\u00e7alves<\/td>\n<td>elaine3010.goncalves@hotmail.com<br \/>\nnestorjgoncalves@outlook.com<\/td>\n<\/tr>\n<\/tbody>\n<\/table>\n","protected":false},"excerpt":{"rendered":"<p>\u00a0Email: colegiado.emausjundiai@gmail.com Nome E-mail Diretor Espiritual Pe Andr\u00e9 Aparecido Monteiro pe.andremonteiro@gmail.com Casal Presidente Larissa Fajar Tonetto Santos Marcel Alberto de Barros Santos larissa@volkenpress.com.br marcel.alberto@gmail.com Casal Vice-Presidente Joyce Batista Cruz Silva Rodrigo Aparecido da Silva joyce.logistica@gmail.com rosilva7891@gmail.com Casal Escola Mission\u00e1ria Elaine da Silva Fabiano Gon\u00e7alves Nestor Gon\u00e7alves elaine3010.goncalves@hotmail.com nestorjgoncalves@outlook.com<\/p>\n","protected":false},"author":1,"featured_media":0,"parent":0,"menu_order":0,"comment_status":"closed","ping_status":"closed","template":"","meta":{"footnotes":""},"class_list":["post-191","page","type-page","status-publish","hentry"],"_links":{"self":[{"href":"https:\/\/emaus.org.br\/jundiai\/wp-json\/wp\/v2\/pages\/191","targetHints":{"allow":["GET"]}}],"collection":[{"href":"https:\/\/emaus.org.br\/jundiai\/wp-json\/wp\/v2\/pages"}],"about":[{"href":"https:\/\/emaus.org.br\/jundiai\/wp-json\/wp\/v2\/types\/page"}],"author":[{"embeddable":true,"href":"https:\/\/emaus.org.br\/jundiai\/wp-json\/wp\/v2\/users\/1"}],"replies":[{"embeddable":true,"href":"https:\/\/emaus.org.br\/jundiai\/wp-json\/wp\/v2\/comments?post=191"}],"version-history":[{"count":9,"href":"https:\/\/emaus.org.br\/jundiai\/wp-json\/wp\/v2\/pages\/191\/revisions"}],"predecessor-version":[{"id":477,"href":"https:\/\/emaus.org.br\/jundiai\/wp-json\/wp\/v2\/pages\/191\/revisions\/477"}],"wp:attachment":[{"href":"https:\/\/emaus.org.br\/jundiai\/wp-json\/wp\/v2\/media?parent=191"}],"curies":[{"name":"wp","href":"https:\/\/api.w.org\/{rel}","templated":true}]}}