{"id":194,"date":"2017-08-26T10:48:01","date_gmt":"2017-08-26T13:48:01","guid":{"rendered":"http:\/\/emaus.org.br\/jundiai_new\/?page_id=194"},"modified":"2018-02-27T00:09:51","modified_gmt":"2018-02-27T03:09:51","slug":"secretariado-jundiai","status":"publish","type":"page","link":"https:\/\/emaus.org.br\/jundiai\/secretariado-jundiai\/","title":{"rendered":"Secretariado &#8211; Jundia\u00ed"},"content":{"rendered":"<table style=\"width: 100%;\">\n<tbody>\n<tr>\n<th style=\"text-align: left;\">Secretaria<\/th>\n<th>Nome<\/th>\n<th>E-mail<\/th>\n<\/tr>\n<tr>\n<td>\n<h5>Comunica\u00e7\u00e3o<\/h5>\n<\/td>\n<td>\u00a0Diego Batista<br \/>\nJ\u00e9ssica Carolini de Souza<\/td>\n<td>diegobatista1910@gmail.com<br \/>\nje.carolini@gmail.com<\/td>\n<\/tr>\n<tr>\n<td>\n<h5><strong>Divulga\u00e7\u00e3o \/ Vogal<\/strong><\/h5>\n<p><strong>divulgacao.emaus@hotmail.com<br \/><\/strong><\/td>\n<td>Rodrigo S. G. Lima<br \/>\nDaniel Ferreira Leone<br \/>\nMarcel Franco de Souza<\/td>\n<td>rodrigosglima@yahoo.com.br<br \/>\ndanielfleone@gmail.com<br \/>\nmarcel118@msn.com<\/td>\n<\/tr>\n<tr>\n<td>\n<h5><strong>Apoio E Obla\u00e7\u00e3o\/Secret\u00e1ria<\/strong><\/h5>\n<p><strong>emausjundiai@gmail.com<\/strong><br \/>\n<strong>fichas.emausjundiai@gmail.com<\/strong><\/td>\n<td>K\u00e1tia Costa Dantas<br \/>\nLucas Cassiano da Silva<\/td>\n<td>katia.cdantas@gmail.com<br \/>\nlc.cassiano.adm@gmail.com<\/td>\n<\/tr>\n<tr>\n<td>\n<h5><strong>Cantores<\/strong><\/h5>\n<p><strong>cantores.emausjundiai@gmail.com<\/strong><\/td>\n<td>Jo\u00e3o Evaristo de Souza<br \/>\nFernanda Menegatti Magro Souza<\/td>\n<td>joaoevaristodesouza@gmail.com<br \/>\nfer.mmsouza@gmail.com<\/td>\n<\/tr>\n<tr>\n<td>\n<h5>Liturgia<\/h5>\n<p><strong>liturgia.emausjundiai@gmail.com<\/strong><\/td>\n<td>Ana Paula de Souza<br \/>\nMarina Biasi<br \/>\nAilton Silva Teixeira<\/td>\n<td>\u00a0anaps-souza@hotmail.com<br \/>\nmarinabiasi_@hotmail.com<br \/>\nailtontdireito@gmail.com<\/td>\n<\/tr>\n<tr>\n<td>\n<h5><strong>Eventos<\/strong><\/h5>\n<p><strong>emausjundiai.eventos@gmail.com<\/strong><\/td>\n<td>Wladmilton Muzati Buim<br \/>\nPatricia Bulisani Wungler Buim<\/td>\n<td>wbuim@hotmail.com<br \/>\npwbuim@terra.com.br<\/td>\n<\/tr>\n<tr>\n<td>\n<h5><strong>Lembrancinha \/ Lojinha<\/strong><br \/><\/h5>\n<\/td>\n<td>Mayara F. Santos<\/td>\n<td>mayarafsantos90@gmail.com<\/td>\n<\/tr>\n<tr>\n<td>\n<h5><strong>Provedoria<\/strong><\/h5>\n<p><strong>provedoria.emausjundiai@gmail.com<\/strong><\/td>\n<td>\u00c2ngela Steck Guimar\u00e3es<br \/>\nWilliam Davi Guimar\u00e3es<\/td>\n<td>ansteck@gmail.com<br \/>\nwill.davi.guimaraes@gmail.com<\/td>\n<\/tr>\n<tr>\n<td>\n<h5><strong>Tesouraria<\/strong><\/h5>\n<\/td>\n<td>Maria Fl\u00e1via Dutra Zanetta<br \/>\nRobson Richard S. Zanetta<\/td>\n<td>mfdutra@klabin.com.br<br \/>\nrobson@wanacos.com.br<\/td>\n<\/tr>\n<\/tbody>\n<\/table>\n","protected":false},"excerpt":{"rendered":"<p>Secretaria Nome E-mail Comunica\u00e7\u00e3o \u00a0Diego Batista J\u00e9ssica Carolini de Souza diegobatista1910@gmail.com je.carolini@gmail.com Divulga\u00e7\u00e3o \/ Vogal divulgacao.emaus@hotmail.com Rodrigo S. G. Lima Daniel Ferreira Leone Marcel Franco de Souza rodrigosglima@yahoo.com.br danielfleone@gmail.com marcel118@msn.com Apoio E Obla\u00e7\u00e3o\/Secret\u00e1ria emausjundiai@gmail.com fichas.emausjundiai@gmail.com K\u00e1tia Costa Dantas Lucas Cassiano da Silva katia.cdantas@gmail.com lc.cassiano.adm@gmail.com Cantores cantores.emausjundiai@gmail.com Jo\u00e3o Evaristo de Souza &hellip;<\/p>\n","protected":false},"author":1,"featured_media":0,"parent":0,"menu_order":0,"comment_status":"closed","ping_status":"closed","template":"","meta":{"footnotes":""},"class_list":["post-194","page","type-page","status-publish","hentry"],"_links":{"self":[{"href":"https:\/\/emaus.org.br\/jundiai\/wp-json\/wp\/v2\/pages\/194","targetHints":{"allow":["GET"]}}],"collection":[{"href":"https:\/\/emaus.org.br\/jundiai\/wp-json\/wp\/v2\/pages"}],"about":[{"href":"https:\/\/emaus.org.br\/jundiai\/wp-json\/wp\/v2\/types\/page"}],"author":[{"embeddable":true,"href":"https:\/\/emaus.org.br\/jundiai\/wp-json\/wp\/v2\/users\/1"}],"replies":[{"embeddable":true,"href":"https:\/\/emaus.org.br\/jundiai\/wp-json\/wp\/v2\/comments?post=194"}],"version-history":[{"count":7,"href":"https:\/\/emaus.org.br\/jundiai\/wp-json\/wp\/v2\/pages\/194\/revisions"}],"predecessor-version":[{"id":476,"href":"https:\/\/emaus.org.br\/jundiai\/wp-json\/wp\/v2\/pages\/194\/revisions\/476"}],"wp:attachment":[{"href":"https:\/\/emaus.org.br\/jundiai\/wp-json\/wp\/v2\/media?parent=194"}],"curies":[{"name":"wp","href":"https:\/\/api.w.org\/{rel}","templated":true}]}}