{"id":384,"date":"2017-09-19T08:55:06","date_gmt":"2017-09-19T11:55:06","guid":{"rendered":"http:\/\/emaus.org.br\/jundiai_new\/?page_id=384"},"modified":"2018-01-25T20:52:04","modified_gmt":"2018-01-25T22:52:04","slug":"o-que-sao","status":"publish","type":"page","link":"https:\/\/emaus.org.br\/jundiai\/cursos\/o-que-sao\/","title":{"rendered":"O que s\u00e3o?"},"content":{"rendered":"<div class=\"itemFullText\">\n<p><strong>O QUE S\u00c3O<\/strong><\/p>\n<p>O mais importante instrumento de evangeliza\u00e7\u00e3o da juventude do Movimento de Ema\u00fas \u00e9 o Curso de Valores Humanos e Crist\u00e3os (Curso de Ema\u00fas).<\/p>\n<p>A finalidade do Curso de Ema\u00fas \u00e9 propiciar aos jovens um programa no qual estes possam fazer uma profunda reflex\u00e3o sobre o valor da vida, da Igreja e uma viv\u00eancia em comunidade \u00e0 luz da Palavra de Deus e da doutrina da Igreja Cat\u00f3lica Apost\u00f3lica Romana.<\/p>\n<p>O Curso de Ema\u00fas \u00e9 uma resposta de obedi\u00eancia ao que nos pede a Igreja pelo Conc\u00edlio Vaticano II, pelas exorta\u00e7\u00f5es apost\u00f3licas pontificiais \u201cEvangelii Nuntiandi\u201d (Paulo VI), \u201cCatechesi Tradendae\u201d (Jo\u00e3o Paulo II) e pela confer\u00eancia de Puebla, que nos diz: \u201cQueremos dar uma resposta \u00e0 situa\u00e7\u00e3o da juventude, gra\u00e7as aos tr\u00eas crit\u00e9rios de verdades propostas pelo Papa Jo\u00e3o Paulo II: a verdade sobre Jesus Cristo, a verdade sobre a miss\u00e3o da Igreja e a verdade sobre o Homem\u201d (Doc. Puebla &#8211; 1182).<\/p>\n<p>Desenvolve-se \u00e0 luz da exorta\u00e7\u00e3o do Papa Jo\u00e3o Paulo II (Catechesi Tradendae \u2013 21):<\/p>\n<blockquote><p>Eu insisto na necessidade de um ensino crist\u00e3o org\u00e2nico e sistem\u00e1tico, que deve ser:<br \/>\nn\u00e3o algo improvisado, mas que siga um programa que lhe permita alcan\u00e7ar o fim determinado;<br \/>\num ensino que se concentre no essencial, sem ter a pretens\u00e3o de tratar todas as quest\u00f5es disputadas e sem se transformar em investiga\u00e7\u00f5es teol\u00f3gicas ou exegeses cient\u00edficas.<\/p><\/blockquote>\n<p>Podemos afirmar, portanto, que o Curso de Ema\u00fas n\u00e3o pode, nem deve, ser identificado como uma experi\u00eancia emocional, mas sim como uma jornada com Jesus Cristo, um programa de revis\u00e3o espiritual de 3 (tr\u00eas) dias de dura\u00e7\u00e3o, iniciando-se na noite de uma quinta-feira e encerrando-se ao final do domingo.<\/p>\n<p>O objetivo principal dos Cursos de Ema\u00fas \u00e9 o de proporcionar aos jovens um \u201cencontro pessoal e comunit\u00e1rio com Jesus Cristo, que os desperte como disc\u00edpulos e mission\u00e1rios\u201d (Documento de Aparecida, 11) que venham a se tornar l\u00edderes comunit\u00e1rios que, posteriormente, atuar\u00e3o em suas par\u00f3quias de origem. O Movimento de Ema\u00fas n\u00e3o tem como objetivo tirar os jovens de suas par\u00f3quias e, sim, dar-lhes uma s\u00f3lida forma\u00e7\u00e3o crist\u00e3 para que estes retornem \u00e0s suas par\u00f3quias e dinamizem os grupos de jovens paroquiais.<\/p>\n<p><img loading=\"lazy\" decoding=\"async\" class=\"wp-image-427 aligncenter\" src=\"https:\/\/emaus.org.br\/jundiai\/wp-content\/uploads\/2017\/09\/emaus_timao.jpg\" alt=\"Rumo Certo\" width=\"200\" height=\"200\" srcset=\"https:\/\/emaus.org.br\/jundiai\/wp-content\/uploads\/2017\/09\/emaus_timao.jpg 900w, https:\/\/emaus.org.br\/jundiai\/wp-content\/uploads\/2017\/09\/emaus_timao-768x768.jpg 768w, https:\/\/emaus.org.br\/jundiai\/wp-content\/uploads\/2017\/09\/emaus_timao-300x300.jpg 300w\" sizes=\"auto, (max-width: 200px) 100vw, 200px\" \/><\/p>\n<\/div>\n","protected":false},"excerpt":{"rendered":"<p>O QUE S\u00c3O O mais importante instrumento de evangeliza\u00e7\u00e3o da juventude do Movimento de Ema\u00fas \u00e9 o Curso de Valores Humanos e Crist\u00e3os (Curso de Ema\u00fas). A finalidade do Curso de Ema\u00fas \u00e9 propiciar aos jovens um programa no qual estes possam fazer uma profunda reflex\u00e3o sobre o valor da &hellip;<\/p>\n","protected":false},"author":1,"featured_media":0,"parent":202,"menu_order":0,"comment_status":"closed","ping_status":"closed","template":"","meta":{"footnotes":""},"class_list":["post-384","page","type-page","status-publish","hentry"],"_links":{"self":[{"href":"https:\/\/emaus.org.br\/jundiai\/wp-json\/wp\/v2\/pages\/384","targetHints":{"allow":["GET"]}}],"collection":[{"href":"https:\/\/emaus.org.br\/jundiai\/wp-json\/wp\/v2\/pages"}],"about":[{"href":"https:\/\/emaus.org.br\/jundiai\/wp-json\/wp\/v2\/types\/page"}],"author":[{"embeddable":true,"href":"https:\/\/emaus.org.br\/jundiai\/wp-json\/wp\/v2\/users\/1"}],"replies":[{"embeddable":true,"href":"https:\/\/emaus.org.br\/jundiai\/wp-json\/wp\/v2\/comments?post=384"}],"version-history":[{"count":10,"href":"https:\/\/emaus.org.br\/jundiai\/wp-json\/wp\/v2\/pages\/384\/revisions"}],"predecessor-version":[{"id":434,"href":"https:\/\/emaus.org.br\/jundiai\/wp-json\/wp\/v2\/pages\/384\/revisions\/434"}],"up":[{"embeddable":true,"href":"https:\/\/emaus.org.br\/jundiai\/wp-json\/wp\/v2\/pages\/202"}],"wp:attachment":[{"href":"https:\/\/emaus.org.br\/jundiai\/wp-json\/wp\/v2\/media?parent=384"}],"curies":[{"name":"wp","href":"https:\/\/api.w.org\/{rel}","templated":true}]}}