{"id":381,"date":"2017-09-19T08:54:05","date_gmt":"2017-09-19T11:54:05","guid":{"rendered":"http:\/\/www.emaus.org.br\/newnacional_new\/?page_id=381"},"modified":"2018-01-30T18:32:07","modified_gmt":"2018-01-30T20:32:07","slug":"secretariados-arqui-diocesanos","status":"publish","type":"page","link":"https:\/\/emaus.org.br\/nacional\/estrutura\/secretariados-arqui-diocesanos\/","title":{"rendered":"Secretariados (Arqui) Diocesanos"},"content":{"rendered":"<p>O Movimento de Ema\u00fas atuam diretamente nas dioceses onde s\u00e3o instalados. Sendo um servi\u00e7o que objetiva a evangeliza\u00e7\u00e3o dos Jovens e ao Setor Juventude de cada (Arqui) Diocese, o Movimento de Ema\u00fas, al\u00e9m de orientar e encaminhar os cursistas a integrarem-se nas Comunidades Paroquiais de Jovens, constituir\u00e1 os Institutos das Comunidades Mission\u00e1rias de Ema\u00fas nas (Arqui)Dioceses, doravante designados Secretariados (Arqui) Diocesanos.<\/p>\n<p>Compete aos Secretariados (Arqui)Diocesanos das Comunidades de Ema\u00fas que s\u00e3o \u00f3rg\u00e3os que, em sintonia com as delibera\u00e7\u00f5es do Secretariado Nacional, dirigem e operacionalizam o funcionamento do Movimento nas Comunidades de Ema\u00fas em uma (Arqui) Diocese: instalar e fazer funcionar regularmente a Escola Mission\u00e1ria, os Cursos de Ema\u00fas, as Maranathas e outras atividades exigidas pelo Movimento, nas respectivas (Arqui) Dioceses.<\/p>\n<p>A estrutura organizacional dos Secretariados (Arqui)Diocesanos ser\u00e1 a seguinte*:<\/p>\n<ol>\n<li>a) O Diretor Espiritual;<\/li>\n<li>b) O Col\u00e9gio Presidencial;<\/li>\n<li>c) O Secret\u00e1rio;<\/li>\n<li>d) O Tesoureiro;<\/li>\n<li>e) O casal, ou par (homem e mulher), respons\u00e1vel por Promo\u00e7\u00e3o e Provedoria;<\/li>\n<li>f) Um rapaz e uma mo\u00e7a integrantes do Movimento, como Vogais Jovens;<\/li>\n<li>g) Um casal, ou par (homem e mulher) de adultos ou jovens amadurecidos, integrantes do Movimento, respons\u00e1vel pela Equipe de Liturgia e Canto;<\/li>\n<\/ol>\n<p><em>*Podendo haver altera\u00e7\u00f5es de acordo com estatuto pr\u00f3prio. <\/em><\/p>\n","protected":false},"excerpt":{"rendered":"<p>O Movimento de Ema\u00fas atuam diretamente nas dioceses onde s\u00e3o instalados. Sendo um servi\u00e7o que objetiva a evangeliza\u00e7\u00e3o dos Jovens e ao Setor Juventude de cada (Arqui) Diocese, o Movimento de Ema\u00fas, &hellip;<\/p>\n","protected":false},"author":1,"featured_media":0,"parent":197,"menu_order":0,"comment_status":"closed","ping_status":"closed","template":"","meta":{"footnotes":""},"class_list":["post-381","page","type-page","status-publish","hentry"],"_links":{"self":[{"href":"https:\/\/emaus.org.br\/nacional\/wp-json\/wp\/v2\/pages\/381","targetHints":{"allow":["GET"]}}],"collection":[{"href":"https:\/\/emaus.org.br\/nacional\/wp-json\/wp\/v2\/pages"}],"about":[{"href":"https:\/\/emaus.org.br\/nacional\/wp-json\/wp\/v2\/types\/page"}],"author":[{"embeddable":true,"href":"https:\/\/emaus.org.br\/nacional\/wp-json\/wp\/v2\/users\/1"}],"replies":[{"embeddable":true,"href":"https:\/\/emaus.org.br\/nacional\/wp-json\/wp\/v2\/comments?post=381"}],"version-history":[{"count":2,"href":"https:\/\/emaus.org.br\/nacional\/wp-json\/wp\/v2\/pages\/381\/revisions"}],"predecessor-version":[{"id":473,"href":"https:\/\/emaus.org.br\/nacional\/wp-json\/wp\/v2\/pages\/381\/revisions\/473"}],"up":[{"embeddable":true,"href":"https:\/\/emaus.org.br\/nacional\/wp-json\/wp\/v2\/pages\/197"}],"wp:attachment":[{"href":"https:\/\/emaus.org.br\/nacional\/wp-json\/wp\/v2\/media?parent=381"}],"curies":[{"name":"wp","href":"https:\/\/api.w.org\/{rel}","templated":true}]}}