{"id":393,"date":"2017-09-19T08:59:26","date_gmt":"2017-09-19T11:59:26","guid":{"rendered":"http:\/\/www.emaus.org.br\/newnacional_new\/?page_id=393"},"modified":"2019-01-04T20:54:22","modified_gmt":"2019-01-04T22:54:22","slug":"manual-de-utilizacao-de-identidade","status":"publish","type":"page","link":"https:\/\/emaus.org.br\/nacional\/multimidia\/manual-de-utilizacao-de-identidade\/","title":{"rendered":"Manual de Utiliza\u00e7\u00e3o de Identidade"},"content":{"rendered":"<p>Este guia \u00e9 de consulta obrigat\u00f3ria para uso da marca Ema\u00fas em aplica\u00e7\u00f5es de car\u00e1ter gr\u00e1fico.<br \/>\nPara orienta\u00e7\u00f5es de procedimentos em casos e situa\u00e7\u00f5es pontuais n\u00e3o exemplificadas neste guia, <a href=\"http:\/\/consulte o Secretariado Nacional de Ema\u00fas\">consulte o Secretariado Nacional de Ema\u00fas<\/a>.<\/p>\n<p><strong><a href=\"http:\/\/www.emaus.org.br\/nacional\/wp-content\/uploads\/2017\/09\/Manual-de-Marcas-ICME.pdf\" target=\"_blank\" rel=\"noopener\">Click aqui para baixar o arquivo<\/a><\/strong><\/p>\n","protected":false},"excerpt":{"rendered":"<p>Este guia \u00e9 de consulta obrigat\u00f3ria para uso da marca Ema\u00fas em aplica\u00e7\u00f5es de car\u00e1ter gr\u00e1fico. Para orienta\u00e7\u00f5es de procedimentos em casos e situa\u00e7\u00f5es pontuais n\u00e3o exemplificadas neste guia, consulte o Secretariado &hellip;<\/p>\n","protected":false},"author":1,"featured_media":0,"parent":389,"menu_order":0,"comment_status":"closed","ping_status":"closed","template":"","meta":{"footnotes":""},"class_list":["post-393","page","type-page","status-publish","hentry"],"_links":{"self":[{"href":"https:\/\/emaus.org.br\/nacional\/wp-json\/wp\/v2\/pages\/393","targetHints":{"allow":["GET"]}}],"collection":[{"href":"https:\/\/emaus.org.br\/nacional\/wp-json\/wp\/v2\/pages"}],"about":[{"href":"https:\/\/emaus.org.br\/nacional\/wp-json\/wp\/v2\/types\/page"}],"author":[{"embeddable":true,"href":"https:\/\/emaus.org.br\/nacional\/wp-json\/wp\/v2\/users\/1"}],"replies":[{"embeddable":true,"href":"https:\/\/emaus.org.br\/nacional\/wp-json\/wp\/v2\/comments?post=393"}],"version-history":[{"count":9,"href":"https:\/\/emaus.org.br\/nacional\/wp-json\/wp\/v2\/pages\/393\/revisions"}],"predecessor-version":[{"id":650,"href":"https:\/\/emaus.org.br\/nacional\/wp-json\/wp\/v2\/pages\/393\/revisions\/650"}],"up":[{"embeddable":true,"href":"https:\/\/emaus.org.br\/nacional\/wp-json\/wp\/v2\/pages\/389"}],"wp:attachment":[{"href":"https:\/\/emaus.org.br\/nacional\/wp-json\/wp\/v2\/media?parent=393"}],"curies":[{"name":"wp","href":"https:\/\/api.w.org\/{rel}","templated":true}]}}