{"id":587,"date":"2018-07-11T09:48:08","date_gmt":"2018-07-11T12:48:08","guid":{"rendered":"http:\/\/www.emaus.org.br\/newnacional\/?page_id=587"},"modified":"2019-01-04T21:13:58","modified_gmt":"2019-01-04T23:13:58","slug":"documentos-abertos","status":"publish","type":"page","link":"https:\/\/emaus.org.br\/nacional\/documentos\/documentos-abertos\/","title":{"rendered":"Documentos abertos"},"content":{"rendered":"<h6><a href=\"http:\/\/www.emaus.org.br\/nacional\/wp-content\/uploads\/2018\/07\/Estatuto-do-Instituto-das-Comunidades-Mission\u00e1rias-de-Ema\u00fas.pdf\">Estatuto do Instituto das Comunidades Mission\u00e1rias de Ema\u00fas<\/a><\/h6>\n<h6><a href=\"http:\/\/www.emaus.org.br\/nacional\/wp-content\/uploads\/2018\/07\/Carta-as-Comunidades-Mission\u00e1rias-de-Ema\u00fas.pdf\" target=\"_blank\" rel=\"noopener\"><\/a><\/h6>\n<hr \/>\n<h6><a href=\"http:\/\/www.emaus.org.br\/nacional\/wp-content\/uploads\/2018\/07\/Carta-as-Comunidades-Mission\u00e1rias-de-Ema\u00fas.pdf\" target=\"_blank\" rel=\"noopener\">Carta as Comunidades Mission\u00e1rias de Ema\u00fas<\/a><\/h6>\n<h6><a href=\"http:\/\/www.emaus.org.br\/nacional\/wp-content\/uploads\/2018\/07\/Plano-de-A\u00e7\u00e3o-Secretariado-Nacional-2015.pdf\"><\/a><\/h6>\n<hr \/>\n<h6><a href=\"http:\/\/www.emaus.org.br\/nacional\/wp-content\/uploads\/2018\/07\/Plano-de-A\u00e7\u00e3o-Secretariado-Nacional-2015.pdf\" target=\"_blank\" rel=\"noopener\">Plano de A\u00e7\u00e3o &#8211; Secretariado Nacional &#8211; 2015<\/a><\/p>\n<p><a href=\"http:\/\/www.emaus.org.br\/nacional\/wp-content\/uploads\/2018\/07\/Orienta\u00e7\u00f5es-para-os-Secretariados-Diocesanos.pdf\"><\/a><\/h6>\n<hr \/>\n<h6><a href=\"http:\/\/www.emaus.org.br\/nacional\/wp-content\/uploads\/2018\/07\/Orienta\u00e7\u00f5es-para-os-Secretariados-Diocesanos.pdf\">Orienta\u00e7\u00f5es para os Secretariados Diocesanos<\/a><\/h6>\n<hr \/>\n<h6><a href=\"http:\/\/www.emaus.org.br\/nacional\/wp-content\/uploads\/2018\/07\/Documento-Conclusivo-I-ECNE-JUJDIA\u00cd.pdf\" target=\"_blank\" rel=\"noopener\"><\/a><\/h6>\n<hr \/>\n<h6><a href=\"http:\/\/www.emaus.org.br\/nacional\/wp-content\/uploads\/2018\/07\/Documento-Conclusivo-I-ECNE-JUJDIA\u00cd.pdf\" target=\"_blank\" rel=\"noopener\">Documento Conclusivo I ECNE-JUNDIA\u00cd<\/a><\/h6>\n<h6><\/h6>\n<hr \/>\n<h6><a href=\"http:\/\/www.emaus.org.br\/nacional\/wp-content\/uploads\/2018\/07\/Documento-Conclusivo-II-ECNE-BRAS\u00cdLIA.pdf\" target=\"_blank\" rel=\"noopener\">Documento Conclusivo II ECNE-BRAS\u00cdLIA<\/a><\/h6>\n<h6><\/h6>\n<hr \/>\n<h6><a href=\"http:\/\/www.emaus.org.br\/nacional\/wp-content\/uploads\/2018\/07\/Documento-Conclusivo-III-ECNE-CAXIAS-DO-SUL.pdf\" target=\"_blank\" rel=\"noopener\">Documento Conclusivo III ECNE-CAXIAS DO SUL<\/a><\/h6>\n<h6><\/h6>\n<hr \/>\n<h6><a href=\"http:\/\/www.emaus.org.br\/nacional\/wp-content\/uploads\/2018\/07\/Documento-Conclusivo-IV-ECNE-S\u00c3O-JO\u00c3O-DEL-REI-LAVRAS.pdf\" target=\"_blank\" rel=\"noopener\">Documento Conclusivo IV ECNE-S\u00c3O JO\u00c3O DEL-REI\/LAVRAS<\/a><\/h6>\n<h6><\/h6>\n<hr \/>\n<h6><a href=\"http:\/\/www.emaus.org.br\/nacional\/wp-content\/uploads\/2018\/07\/Documento-Conclusivo-V-ECNE-S\u00c3O-PAULO.pdf\" target=\"_blank\" rel=\"noopener\">Documento Conclusivo V ECNE-S\u00c3O PAULO<\/a><\/h6>\n<h6><\/h6>\n<hr \/>\n<h6><a href=\"http:\/\/www.emaus.org.br\/nacional\/wp-content\/uploads\/2018\/07\/Documento-Conclusivo-VI-ECNE-BRAS\u00cdLIA.pdf\" target=\"_blank\" rel=\"noopener\">Documento Conclusivo VI ECNE-BRAS\u00cdLIA<\/a><\/h6>\n<h6><\/h6>\n<hr \/>\n<h6><a href=\"http:\/\/www.emaus.org.br\/nacional\/wp-content\/uploads\/2018\/07\/Documento-Conclusivo-VII-ECNE-SOROCABA.pdf\" target=\"_blank\" rel=\"noopener\">Documento Conclusivo VII ECNE-SOROCABA<\/a><\/h6>\n<h6><\/h6>\n<hr \/>\n<h6><a href=\"http:\/\/www.emaus.org.br\/nacional\/wp-content\/uploads\/2018\/07\/Documento-Conclusivo-VIII-ECNE-BRUSQUE.pdf\" target=\"_blank\" rel=\"noopener\">Documento Conclusivo VIII ECNE-BRUSQUE<\/a><\/h6>\n<h6><\/h6>\n<hr \/>\n<h6><a href=\"http:\/\/www.emaus.org.br\/nacional\/wp-content\/uploads\/2018\/07\/Documento-Conclusivo-IX-ECNE-BRAS\u00cdLIA.pdf\" target=\"_blank\" rel=\"noopener\">Documento Conclusivo IX ECNE-BRAS\u00cdLIA<\/a><\/h6>\n<hr \/>\n<h6><\/h6>\n<h6><a href=\"http:\/\/www.emaus.org.br\/nacional\/wp-content\/uploads\/2018\/07\/Documento-Conclusivo-X-ECNE-FLORIAN\u00d3POLIS.pdf\" target=\"_blank\" rel=\"noopener\">Documento Conclusivo X ECNE-FLORIAN\u00d3POLIS<\/a><\/h6>\n<h6><\/h6>\n<hr \/>\n<h6><a href=\"http:\/\/www.emaus.org.br\/nacional\/wp-content\/uploads\/2018\/07\/Documento-Conclusivo-XI-ECNE-S\u00c3O-PAULO.pdf\" target=\"_blank\" rel=\"noopener\">Documento Conclusivo XI ECNE-S\u00c3O PAULO<\/a><\/h6>\n<h6><\/h6>\n<hr \/>\n<h6><a href=\"http:\/\/www.emaus.org.br\/nacional\/wp-content\/uploads\/2018\/07\/Documento-Conclusivo-XII-ECNE-JOINVILLE.pdf\" target=\"_blank\" rel=\"noopener\">Documento Conclusivo XII ECNE-JOINVILLE<\/a><\/h6>\n","protected":false},"excerpt":{"rendered":"<p>Estatuto do Instituto das Comunidades Mission\u00e1rias de Ema\u00fas Carta as Comunidades Mission\u00e1rias de Ema\u00fas Plano de A\u00e7\u00e3o &#8211; Secretariado Nacional &#8211; 2015 Orienta\u00e7\u00f5es para os Secretariados Diocesanos Documento Conclusivo I ECNE-JUNDIA\u00cd Documento &hellip;<\/p>\n","protected":false},"author":2,"featured_media":0,"parent":585,"menu_order":0,"comment_status":"closed","ping_status":"closed","template":"","meta":{"footnotes":""},"class_list":["post-587","page","type-page","status-publish","hentry"],"_links":{"self":[{"href":"https:\/\/emaus.org.br\/nacional\/wp-json\/wp\/v2\/pages\/587","targetHints":{"allow":["GET"]}}],"collection":[{"href":"https:\/\/emaus.org.br\/nacional\/wp-json\/wp\/v2\/pages"}],"about":[{"href":"https:\/\/emaus.org.br\/nacional\/wp-json\/wp\/v2\/types\/page"}],"author":[{"embeddable":true,"href":"https:\/\/emaus.org.br\/nacional\/wp-json\/wp\/v2\/users\/2"}],"replies":[{"embeddable":true,"href":"https:\/\/emaus.org.br\/nacional\/wp-json\/wp\/v2\/comments?post=587"}],"version-history":[{"count":10,"href":"https:\/\/emaus.org.br\/nacional\/wp-json\/wp\/v2\/pages\/587\/revisions"}],"predecessor-version":[{"id":654,"href":"https:\/\/emaus.org.br\/nacional\/wp-json\/wp\/v2\/pages\/587\/revisions\/654"}],"up":[{"embeddable":true,"href":"https:\/\/emaus.org.br\/nacional\/wp-json\/wp\/v2\/pages\/585"}],"wp:attachment":[{"href":"https:\/\/emaus.org.br\/nacional\/wp-json\/wp\/v2\/media?parent=587"}],"curies":[{"name":"wp","href":"https:\/\/api.w.org\/{rel}","templated":true}]}}