{"id":197,"date":"2017-08-26T10:51:46","date_gmt":"2017-08-26T13:51:46","guid":{"rendered":"http:\/\/emaus.org.br\/saopaulo_wp_new\/?page_id=197"},"modified":"2018-05-30T12:03:10","modified_gmt":"2018-05-30T15:03:10","slug":"estrutura","status":"publish","type":"page","link":"https:\/\/emaus.org.br\/saopaulo\/estrutura\/","title":{"rendered":"Estrutura"},"content":{"rendered":"<div data-post-id=\"194\" class=\"insert-page insert-page-194 \"><p style=\"padding-left: 30px;\"><strong>DIRETOR ESPIRITUAL<\/strong><br \/>\nPe. Sancley Lopes Gondim<\/p>\n<p style=\"padding-left: 30px;\"><strong>CASAL PRESIDENTE<\/strong><br \/>\nLuiz de Assun\u00e7\u00e3o e F\u00e1tima Hern\u00e1ndez<\/p>\n<p style=\"padding-left: 30px;\"><strong>CASAL VICE-PRESIDENTE<\/strong><br \/>\nLuiz Fernando H\u00e9rnandez Filho (Luizinho) e Sandra Fernandes Lopes<\/p>\n<p style=\"padding-left: 30px;\"><strong>TESOURARIA<\/strong><br \/>\nMarlene Salom\u00e3o<\/p>\n<p style=\"padding-left: 30px;\"><strong>SECRET\u00c1RIA<\/strong><br \/>\nAna Carolina de Assis Rocha<\/p>\n<p style=\"padding-left: 30px;\"><strong>VOGALIA<\/strong><br \/>\nMariana Augusta Camasmie Peters<\/p>\n<p style=\"padding-left: 30px;\"><strong>LITURGIA<\/strong><br \/>\nMaria Christina Camasmie Peters<\/p>\n<p style=\"padding-left: 30px;\"><strong>CANTORES<\/strong><br \/>\nLuiz Fernando H\u00e9rnandez Filho (Luizinho)<br \/>\nFernando C\u00e9sar Faria Cabral<\/p>\n<p style=\"padding-left: 30px;\"><strong>COMUNICA\u00c7\u00c3O E REDES SOCIAIS<\/strong><br \/>\nFernando C\u00e9sar Faria Cabral<br \/>\nMilene Salom\u00e3o<br \/>\nMarcela S. A. Mendon\u00e7a<\/p>\n<\/div>\n","protected":false},"excerpt":{"rendered":"","protected":false},"author":1,"featured_media":0,"parent":0,"menu_order":0,"comment_status":"closed","ping_status":"closed","template":"","meta":{"_monsterinsights_skip_tracking":false,"_monsterinsights_sitenote_active":false,"_monsterinsights_sitenote_note":"","_monsterinsights_sitenote_category":0,"footnotes":"","_links_to":"","_links_to_target":""},"class_list":["post-197","page","type-page","status-publish","hentry"],"_links":{"self":[{"href":"https:\/\/emaus.org.br\/saopaulo\/wp-json\/wp\/v2\/pages\/197","targetHints":{"allow":["GET"]}}],"collection":[{"href":"https:\/\/emaus.org.br\/saopaulo\/wp-json\/wp\/v2\/pages"}],"about":[{"href":"https:\/\/emaus.org.br\/saopaulo\/wp-json\/wp\/v2\/types\/page"}],"author":[{"embeddable":true,"href":"https:\/\/emaus.org.br\/saopaulo\/wp-json\/wp\/v2\/users\/1"}],"replies":[{"embeddable":true,"href":"https:\/\/emaus.org.br\/saopaulo\/wp-json\/wp\/v2\/comments?post=197"}],"version-history":[{"count":2,"href":"https:\/\/emaus.org.br\/saopaulo\/wp-json\/wp\/v2\/pages\/197\/revisions"}],"predecessor-version":[{"id":573,"href":"https:\/\/emaus.org.br\/saopaulo\/wp-json\/wp\/v2\/pages\/197\/revisions\/573"}],"wp:attachment":[{"href":"https:\/\/emaus.org.br\/saopaulo\/wp-json\/wp\/v2\/media?parent=197"}],"curies":[{"name":"wp","href":"https:\/\/api.w.org\/{rel}","templated":true}]}}