{"id":578,"date":"2018-06-04T16:14:02","date_gmt":"2018-06-04T19:14:02","guid":{"rendered":"http:\/\/emaus.org.br\/saopaulo_wp\/?page_id=578"},"modified":"2018-06-05T10:03:34","modified_gmt":"2018-06-05T13:03:34","slug":"alavancas","status":"publish","type":"page","link":"https:\/\/emaus.org.br\/saopaulo\/cursos\/alavancas\/","title":{"rendered":"Alavancas"},"content":{"rendered":"<div id=\"input_checkbox_cursos1_container_div\" class=\"ccms_form_element cfdiv_checkboxgroup radios_over\">\n<blockquote>\n<div class=\"clear\"><strong><em>\u00a0\u00a0<\/em><span style=\"text-indent: 0em;\"><em>Dai-me uma barra r\u00edgida, suficientemente grande e um ponto de apoio e, sem dificuldade, eu moverei o mundo<\/em>.\u00a0<\/span><\/strong><span style=\"text-indent: 0em; font-family: 'Open Sans'; font-size: 15px;\">Arquimedes<\/span><\/div>\n<\/blockquote>\n<p><img loading=\"lazy\" decoding=\"async\" class=\"wp-image-581 alignleft\" src=\"https:\/\/emaus.org.br\/saopaulo_wp\/wp-content\/uploads\/2018\/06\/arquimedes.jpg\" alt=\"\" width=\"297\" height=\"222\" srcset=\"https:\/\/emaus.org.br\/saopaulo\/wp-content\/uploads\/2018\/06\/arquimedes.jpg 670w, https:\/\/emaus.org.br\/saopaulo\/wp-content\/uploads\/2018\/06\/arquimedes-400x300.jpg 400w\" sizes=\"auto, (max-width: 297px) 100vw, 297px\" \/><\/p>\n<p><span style=\"text-indent: 0em;\">Alavancas s\u00e3o ora\u00e7\u00f5es, ren\u00fancias e sacrif\u00edcios que oferecemos por nossos irm\u00e3os que est\u00e3o fazendo a caminhada rumo a Ema\u00fas, para que com nossos pequenos atos, os caminhos por onde o Senhor vai passar sejam aplainados, e assim descubram ao partir do p\u00e3o, que Cristo caminha ao lado de cada um deles.<\/span><\/p>\n<\/div>\n<form id=\"chronoform_inscricaoAlavanca\" class=\"Chronoform hasValidation\" action=\"http:\/\/www.emaus.org.br\/saopaulo\/cursos\/alavancas?chronoform=inscricaoAlavanca&amp;event=submit\" method=\"post\" name=\"inscricaoAlavanca\">\n<p class=\"txt_negrito\">Todos podem fazer alavancas, mesmo quem ainda n\u00e3o teve a experi\u00eancia de Ema\u00fas !<\/p>\n<p>&nbsp;<\/p>\n<p>&nbsp;<\/p>\n<\/form>\n\n<div class=\"wpcf7 no-js\" id=\"wpcf7-f579-o1\" lang=\"pt-BR\" dir=\"ltr\" data-wpcf7-id=\"579\">\n<div class=\"screen-reader-response\"><p role=\"status\" aria-live=\"polite\" aria-atomic=\"true\"><\/p> <ul><\/ul><\/div>\n<form action=\"\/saopaulo\/wp-json\/wp\/v2\/pages\/578#wpcf7-f579-o1\" method=\"post\" class=\"wpcf7-form init\" aria-label=\"Formul\u00e1rios de contato\" novalidate=\"novalidate\" data-status=\"init\">\n<fieldset class=\"hidden-fields-container\"><input type=\"hidden\" name=\"_wpcf7\" value=\"579\" \/><input type=\"hidden\" name=\"_wpcf7_version\" value=\"6.1.5\" \/><input type=\"hidden\" name=\"_wpcf7_locale\" value=\"pt_BR\" \/><input type=\"hidden\" name=\"_wpcf7_unit_tag\" value=\"wpcf7-f579-o1\" \/><input type=\"hidden\" name=\"_wpcf7_container_post\" value=\"0\" \/><input type=\"hidden\" name=\"_wpcf7_posted_data_hash\" value=\"\" \/>\n<\/fieldset>\n<p><label> <strong> Para \u00eaxito do: <\/strong><br \/>\n<span class=\"wpcf7-form-control-wrap\" data-name=\"rd-curso\"><span class=\"wpcf7-form-control wpcf7-radio\"><span class=\"wpcf7-list-item first\"><span class=\"wpcf7-list-item-label\">Curso Masculino<\/span><input type=\"radio\" name=\"rd-curso\" value=\"Curso Masculino\" checked=\"checked\" \/><\/span><span class=\"wpcf7-list-item last\"><span class=\"wpcf7-list-item-label\">Curso Feminino<\/span><input type=\"radio\" name=\"rd-curso\" value=\"Curso Feminino\" \/><\/span><\/span><\/span> <\/label>\n<\/p>\n<p><label> <strong>Ofere\u00e7o como alavanca: <\/strong><br \/>\n<span class=\"wpcf7-form-control-wrap\" data-name=\"your-message\"><textarea cols=\"40\" rows=\"10\" maxlength=\"2000\" class=\"wpcf7-form-control wpcf7-textarea\" aria-invalid=\"false\" name=\"your-message\"><\/textarea><\/span> <\/label>\n<\/p>\n<p><label> <strong>De onde voc\u00ea escreve (comunidade\/par\u00f3quia, cidade): <\/strong><br \/>\n<span class=\"wpcf7-form-control-wrap\" data-name=\"your-name\"><input size=\"40\" maxlength=\"400\" class=\"wpcf7-form-control wpcf7-text wpcf7-validates-as-required\" aria-required=\"true\" aria-invalid=\"false\" value=\"\" type=\"text\" name=\"your-name\" \/><\/span> <\/label>\n<\/p>\n<p><label> <strong>Seu e-mail (opcional): <\/strong><br \/>\n<span class=\"wpcf7-form-control-wrap\" data-name=\"your-email\"><input size=\"40\" maxlength=\"400\" class=\"wpcf7-form-control wpcf7-email wpcf7-validates-as-required wpcf7-text wpcf7-validates-as-email\" aria-required=\"true\" aria-invalid=\"false\" value=\"\" type=\"email\" name=\"your-email\" \/><\/span> <\/label>\n<\/p>\n<p><input class=\"wpcf7-form-control wpcf7-submit has-spinner\" type=\"submit\" value=\"Enviar\" \/>\n<\/p><p style=\"display: none !important;\" class=\"akismet-fields-container\" data-prefix=\"_wpcf7_ak_\"><label>&#916;<textarea name=\"_wpcf7_ak_hp_textarea\" cols=\"45\" rows=\"8\" maxlength=\"100\"><\/textarea><\/label><input type=\"hidden\" id=\"ak_js_1\" name=\"_wpcf7_ak_js\" value=\"135\"\/><script>document.getElementById( \"ak_js_1\" ).setAttribute( \"value\", ( new Date() ).getTime() );<\/script><\/p><div class=\"wpcf7-response-output\" aria-hidden=\"true\"><\/div>\n<\/form>\n<\/div>\n\n","protected":false},"excerpt":{"rendered":"<p>\u00a0\u00a0Dai-me uma barra r\u00edgida, suficientemente grande e um ponto de apoio e, sem dificuldade, eu moverei o mundo.\u00a0Arquimedes Alavancas s\u00e3o ora\u00e7\u00f5es, ren\u00fancias e sacrif\u00edcios que oferecemos por nossos irm\u00e3os que est\u00e3o fazendo a caminhada rumo a Ema\u00fas, para que com nossos pequenos atos, os caminhos por onde o Senhor vai &hellip;<\/p>\n","protected":false},"author":4,"featured_media":0,"parent":202,"menu_order":0,"comment_status":"closed","ping_status":"closed","template":"","meta":{"_monsterinsights_skip_tracking":false,"_monsterinsights_sitenote_active":false,"_monsterinsights_sitenote_note":"","_monsterinsights_sitenote_category":0,"footnotes":"","_links_to":"","_links_to_target":""},"class_list":["post-578","page","type-page","status-publish","hentry"],"_links":{"self":[{"href":"https:\/\/emaus.org.br\/saopaulo\/wp-json\/wp\/v2\/pages\/578","targetHints":{"allow":["GET"]}}],"collection":[{"href":"https:\/\/emaus.org.br\/saopaulo\/wp-json\/wp\/v2\/pages"}],"about":[{"href":"https:\/\/emaus.org.br\/saopaulo\/wp-json\/wp\/v2\/types\/page"}],"author":[{"embeddable":true,"href":"https:\/\/emaus.org.br\/saopaulo\/wp-json\/wp\/v2\/users\/4"}],"replies":[{"embeddable":true,"href":"https:\/\/emaus.org.br\/saopaulo\/wp-json\/wp\/v2\/comments?post=578"}],"version-history":[{"count":9,"href":"https:\/\/emaus.org.br\/saopaulo\/wp-json\/wp\/v2\/pages\/578\/revisions"}],"predecessor-version":[{"id":590,"href":"https:\/\/emaus.org.br\/saopaulo\/wp-json\/wp\/v2\/pages\/578\/revisions\/590"}],"up":[{"embeddable":true,"href":"https:\/\/emaus.org.br\/saopaulo\/wp-json\/wp\/v2\/pages\/202"}],"wp:attachment":[{"href":"https:\/\/emaus.org.br\/saopaulo\/wp-json\/wp\/v2\/media?parent=578"}],"curies":[{"name":"wp","href":"https:\/\/api.w.org\/{rel}","templated":true}]}}