{"id":12,"date":"2017-07-28T22:57:23","date_gmt":"2017-07-29T01:57:23","guid":{"rendered":"http:\/\/emaus.org.br\/sorocaba_wp_new\/?page_id=12"},"modified":"2019-04-03T17:33:52","modified_gmt":"2019-04-03T20:33:52","slug":"o-movimento","status":"publish","type":"page","link":"https:\/\/emaus.org.br\/sorocaba\/o-movimento\/","title":{"rendered":"O Movimento"},"content":{"rendered":"<p><a href=\"https:\/\/emaus.org.br\/sorocaba_wp\/o-movimento\/historico\/\">Hist\u00f3rico<\/a><\/p>\n<p><a href=\"https:\/\/emaus.org.br\/sorocaba_wp\/o-movimento\/objetivo-e-missao\/\">Objetivo e Miss\u00e3o<\/a><\/p>\n<p><a href=\"https:\/\/emaus.org.br\/sorocaba_wp\/o-movimento\/nosso-fundador\/\">Nosso Fundador<\/a><\/p>\n<p><a href=\"https:\/\/emaus.org.br\/sorocaba_wp\/o-movimento\/evangelho-de-inspiracao\/\">Evangelho de Inspira\u00e7\u00e3o<\/a><\/p>\n<p><a href=\"https:\/\/emaus.org.br\/sorocaba_wp\/o-movimento\/sao-joao-batista-nosso-padroeiro\/\">Nosso Padroeiro<\/a><\/p>\n","protected":false},"excerpt":{"rendered":"<p>Hist\u00f3rico Objetivo e Miss\u00e3o Nosso Fundador Evangelho de Inspira\u00e7\u00e3o Nosso Padroeiro<\/p>\n","protected":false},"author":1,"featured_media":0,"parent":0,"menu_order":0,"comment_status":"closed","ping_status":"closed","template":"","meta":{"footnotes":""},"class_list":["post-12","page","type-page","status-publish","hentry"],"_links":{"self":[{"href":"https:\/\/emaus.org.br\/sorocaba\/wp-json\/wp\/v2\/pages\/12","targetHints":{"allow":["GET"]}}],"collection":[{"href":"https:\/\/emaus.org.br\/sorocaba\/wp-json\/wp\/v2\/pages"}],"about":[{"href":"https:\/\/emaus.org.br\/sorocaba\/wp-json\/wp\/v2\/types\/page"}],"author":[{"embeddable":true,"href":"https:\/\/emaus.org.br\/sorocaba\/wp-json\/wp\/v2\/users\/1"}],"replies":[{"embeddable":true,"href":"https:\/\/emaus.org.br\/sorocaba\/wp-json\/wp\/v2\/comments?post=12"}],"version-history":[{"count":3,"href":"https:\/\/emaus.org.br\/sorocaba\/wp-json\/wp\/v2\/pages\/12\/revisions"}],"predecessor-version":[{"id":528,"href":"https:\/\/emaus.org.br\/sorocaba\/wp-json\/wp\/v2\/pages\/12\/revisions\/528"}],"wp:attachment":[{"href":"https:\/\/emaus.org.br\/sorocaba\/wp-json\/wp\/v2\/media?parent=12"}],"curies":[{"name":"wp","href":"https:\/\/api.w.org\/{rel}","templated":true}]}}