{"id":171,"date":"2017-08-26T10:21:31","date_gmt":"2017-08-26T13:21:31","guid":{"rendered":"http:\/\/emaus.org.br\/sorocaba_wp_new\/?page_id=171"},"modified":"2017-09-19T09:03:16","modified_gmt":"2017-09-19T12:03:16","slug":"nosso-fundador","status":"publish","type":"page","link":"https:\/\/emaus.org.br\/sorocaba\/o-movimento\/nosso-fundador\/","title":{"rendered":"Nosso fundador"},"content":{"rendered":"<p><strong>Um Pouco Sobre o Nosso Fundador Monsenhor Benedito M\u00e1rio Calazans<\/strong><\/p>\n<p>Sacerdote. Nasceu na cidade de Paraibuna, S\u00e3o Paulo, a 13 de mar\u00e7o de 1911. Filho do prof. Benedito M\u00e1rio de Calazans e de d. Judith Moura de Calazans. Fez seus estudos no Semin\u00e1rio Diocesano de Taubat\u00e9 e na Pontif\u00edcia Universidade Gregoriana de Roma. Foi vig\u00e1rio cooperador de Ca\u00e7apava, S\u00e3o Paulo; vig\u00e1rio de Cruzeiro, S\u00e3o Paulo; prof. do Semin\u00e1rio e do Gin\u00e1sio Diocesano de Taubat\u00e9, do Instituto de Filosofia de Taubat\u00e9; vig\u00e1rio cooperador de S\u00e3o Jos\u00e9 dos Campos; assistente diocesano da Juventude Feminina de A\u00e7\u00e3o Cat\u00f3lica de Taubat\u00e9 e da Juventude Oper\u00e1ria da mesma cidade. Vig\u00e1rio cooperador da Par\u00f3quia de Santo Ant\u00f4nio da Barra Funda, na cidade de S\u00e3o Paulo e auxiliar da Capelania da Irmandade de Nossa Senhora do Ros\u00e1rio dos Homens Pretos da Igreja do Paissandu, em S\u00e3o Paulo. Inspetor do Ensino Religioso da Arquidiocese de S\u00e3o Paulo. Assistente da Juventude Universit\u00e1ria Cat\u00f3lica de S\u00e3o Paulo, Se\u00e7\u00e3o da Escola Polit\u00e9cnica e da Faculdade de Medicina de S\u00e3o Paulo. Professor de \u00c9tica na Escola de Cadetes de Barro Branco da For\u00e7a P\u00fablica de S\u00e3o Paulo. Capit\u00e3o Capel\u00e3o da Escola de Especialistas da Aeron\u00e1utica de S\u00e3o Paulo. Fundador e Orientador Espiritual da Lareira, Institui\u00e7\u00e3o a Servi\u00e7o da Fam\u00edlia, a qual comemorou, recentemente, seu Jubileu de Ouro. Professor de Teologia no Curso de Forma\u00e7\u00e3o Familiar para jovens e no Curso de Orienta\u00e7\u00e3o para M\u00e3es e de Diretores e Forma\u00e7\u00e3o de Lideran\u00e7as no Curso de Organiza\u00e7\u00e3o e Administra\u00e7\u00e3o da Lareira. Professor de Orienta\u00e7\u00e3o Familiar no Curso &#8220;AFAM&#8221; (empregadas dom\u00e9sticas) e Professor de Religi\u00e3o na Escola Normal Padre Anchieta. Colaborador do programa &#8220;Desafio aos Catedr\u00e1ticos&#8221; da R\u00e1dio Cruzeiro do Sul de S\u00e3o Paulo. Dirigiu o Programa denominado Um Olhar Crist\u00e3o sobre a Cidade da PRB6 r\u00e1dio Piratininga de S\u00e3o Paulo. Fez parte da representa\u00e7\u00e3o do Brasil \u00e0 Santa S\u00e9, por ocasi\u00e3o dos festejos do 80\u00ba anivers\u00e1rio do Santo Padre Jo\u00e3o XXIII. Fundador e diretor espiritual nacional do Movimento de Ema\u00fas, Curso de Valores Humanos e Crist\u00e3os para jovens. Deu cursos de forma\u00e7\u00e3o crist\u00e3 e familiar em diversas cidades do Brasil. Foi membro do Conselho de Presb\u00edteros da Arquidiocese de S\u00e3o Paulo. Recebeu as Comendas das Ordens: Tamandar\u00e9 \u2013 Marinha \u2013 Aeron\u00e1utica e Rio Branco \u2013 a Medalha do Infante Dom Henrique, da Princesa Leopoldina e do Movimento de Resist\u00eancia H\u00fangara.<\/p>\n","protected":false},"excerpt":{"rendered":"<p>Um Pouco Sobre o Nosso Fundador Monsenhor Benedito M\u00e1rio Calazans Sacerdote. Nasceu na cidade de Paraibuna, S\u00e3o Paulo, a 13 de mar\u00e7o de 1911. Filho do prof. Benedito M\u00e1rio de Calazans e de d. Judith Moura de Calazans. Fez seus estudos no Semin\u00e1rio Diocesano de Taubat\u00e9 e na Pontif\u00edcia Universidade &hellip;<\/p>\n","protected":false},"author":1,"featured_media":0,"parent":12,"menu_order":0,"comment_status":"closed","ping_status":"closed","template":"","meta":{"footnotes":""},"class_list":["post-171","page","type-page","status-publish","hentry"],"_links":{"self":[{"href":"https:\/\/emaus.org.br\/sorocaba\/wp-json\/wp\/v2\/pages\/171","targetHints":{"allow":["GET"]}}],"collection":[{"href":"https:\/\/emaus.org.br\/sorocaba\/wp-json\/wp\/v2\/pages"}],"about":[{"href":"https:\/\/emaus.org.br\/sorocaba\/wp-json\/wp\/v2\/types\/page"}],"author":[{"embeddable":true,"href":"https:\/\/emaus.org.br\/sorocaba\/wp-json\/wp\/v2\/users\/1"}],"replies":[{"embeddable":true,"href":"https:\/\/emaus.org.br\/sorocaba\/wp-json\/wp\/v2\/comments?post=171"}],"version-history":[{"count":1,"href":"https:\/\/emaus.org.br\/sorocaba\/wp-json\/wp\/v2\/pages\/171\/revisions"}],"predecessor-version":[{"id":172,"href":"https:\/\/emaus.org.br\/sorocaba\/wp-json\/wp\/v2\/pages\/171\/revisions\/172"}],"up":[{"embeddable":true,"href":"https:\/\/emaus.org.br\/sorocaba\/wp-json\/wp\/v2\/pages\/12"}],"wp:attachment":[{"href":"https:\/\/emaus.org.br\/sorocaba\/wp-json\/wp\/v2\/media?parent=171"}],"curies":[{"name":"wp","href":"https:\/\/api.w.org\/{rel}","templated":true}]}}