{"id":191,"date":"2017-08-26T10:38:39","date_gmt":"2017-08-26T13:38:39","guid":{"rendered":"http:\/\/emaus.org.br\/sorocaba_wp_new\/?page_id=191"},"modified":"2019-03-29T07:34:34","modified_gmt":"2019-03-29T10:34:34","slug":"colegiado","status":"publish","type":"page","link":"https:\/\/emaus.org.br\/sorocaba\/estrutura\/colegiado\/","title":{"rendered":"Colegiado"},"content":{"rendered":"<p><span style=\"text-indent: 0em; font-size: 1.1em;\"><img loading=\"lazy\" decoding=\"async\" class=\"wp-image-437 alignleft\" src=\"https:\/\/emaus.org.br\/sorocaba_wp\/wp-content\/uploads\/2017\/08\/19225240_1352657164789071_8824464898138727351_n.jpg\" alt=\"\" width=\"183\" height=\"180\" srcset=\"https:\/\/emaus.org.br\/sorocaba\/wp-content\/uploads\/2017\/08\/19225240_1352657164789071_8824464898138727351_n.jpg 639w, https:\/\/emaus.org.br\/sorocaba\/wp-content\/uploads\/2017\/08\/19225240_1352657164789071_8824464898138727351_n-305x300.jpg 305w\" sizes=\"auto, (max-width: 183px) 100vw, 183px\" \/><\/span><\/p>\n<p>&nbsp;<\/p>\n<p>&nbsp;<\/p>\n<p>&nbsp;<\/p>\n<p>&nbsp;<\/p>\n<p>&nbsp;<\/p>\n<p>&nbsp;<\/p>\n<p><strong>DIRETOR ESPIRITUAL<\/strong><br \/>\nPe. Wilson Roberto da Silva<br \/>\nPar\u00f3quia Nossa Senhora de F\u00e1tima<br \/>\n(Campolim &#8211; Sorocaba)<\/p>\n<p>&nbsp;<\/p>\n<p>&nbsp;<\/p>\n<p><img loading=\"lazy\" decoding=\"async\" class=\"alignnone wp-image-440\" src=\"https:\/\/emaus.org.br\/sorocaba_wp\/wp-content\/uploads\/2017\/08\/49504427_2171953589536646_6126613943998742528_n.jpg\" alt=\"\" width=\"183\" height=\"183\" srcset=\"https:\/\/emaus.org.br\/sorocaba\/wp-content\/uploads\/2017\/08\/49504427_2171953589536646_6126613943998742528_n.jpg 574w, https:\/\/emaus.org.br\/sorocaba\/wp-content\/uploads\/2017\/08\/49504427_2171953589536646_6126613943998742528_n-300x300.jpg 300w\" sizes=\"auto, (max-width: 183px) 100vw, 183px\" \/><\/p>\n<p>&nbsp;<\/p>\n<p><strong>PRESIDENTE<\/strong><br \/>\nGuto<\/p>\n<p>&nbsp;<\/p>\n<p>&nbsp;<\/p>\n<p><img loading=\"lazy\" decoding=\"async\" class=\"alignnone wp-image-442\" src=\"https:\/\/emaus.org.br\/sorocaba_wp\/wp-content\/uploads\/2017\/08\/26167438_981202625369464_8631570242327257113_n.jpg\" alt=\"\" width=\"183\" height=\"184\" srcset=\"https:\/\/emaus.org.br\/sorocaba\/wp-content\/uploads\/2017\/08\/26167438_981202625369464_8631570242327257113_n.jpg 764w, https:\/\/emaus.org.br\/sorocaba\/wp-content\/uploads\/2017\/08\/26167438_981202625369464_8631570242327257113_n-299x300.jpg 299w\" sizes=\"auto, (max-width: 183px) 100vw, 183px\" \/><\/p>\n<p>&nbsp;<\/p>\n<p><strong>PRESIDENTE<\/strong><br \/>\nCec\u00edlia Val\u00e9ria<\/p>\n<p>&nbsp;<\/p>\n<p><img loading=\"lazy\" decoding=\"async\" class=\"alignnone wp-image-447\" src=\"https:\/\/emaus.org.br\/sorocaba_wp\/wp-content\/uploads\/2017\/08\/IMG-20171218-WA0028.jpg\" alt=\"\" width=\"183\" height=\"245\" srcset=\"https:\/\/emaus.org.br\/sorocaba\/wp-content\/uploads\/2017\/08\/IMG-20171218-WA0028.jpg 960w, https:\/\/emaus.org.br\/sorocaba\/wp-content\/uploads\/2017\/08\/IMG-20171218-WA0028-768x1024.jpg 768w, https:\/\/emaus.org.br\/sorocaba\/wp-content\/uploads\/2017\/08\/IMG-20171218-WA0028-225x300.jpg 225w\" sizes=\"auto, (max-width: 183px) 100vw, 183px\" \/><\/p>\n<p>&nbsp;<\/p>\n<p><strong>VICE-PRESIDENTES<\/strong><br \/>\nCesar e Dagmar<\/p>\n<p>&nbsp;<\/p>\n<p><img loading=\"lazy\" decoding=\"async\" class=\"alignnone wp-image-449\" src=\"https:\/\/emaus.org.br\/sorocaba_wp\/wp-content\/uploads\/2017\/08\/1.png\" alt=\"\" width=\"184\" height=\"160\" srcset=\"https:\/\/emaus.org.br\/sorocaba\/wp-content\/uploads\/2017\/08\/1.png 529w, https:\/\/emaus.org.br\/sorocaba\/wp-content\/uploads\/2017\/08\/1-344x300.png 344w\" sizes=\"auto, (max-width: 184px) 100vw, 184px\" \/><\/p>\n<p>&nbsp;<\/p>\n<p><strong>ESCOLA MISSION\u00c1RIA<\/strong><br \/>\nAlan e Virg\u00ednia<\/p>\n<p>&nbsp;<\/p>\n<p><img loading=\"lazy\" decoding=\"async\" class=\"alignnone wp-image-450\" src=\"https:\/\/emaus.org.br\/sorocaba_wp\/wp-content\/uploads\/2017\/08\/IMG-20171223-WA0019.jpg\" alt=\"\" width=\"183\" height=\"177\" srcset=\"https:\/\/emaus.org.br\/sorocaba\/wp-content\/uploads\/2017\/08\/IMG-20171223-WA0019.jpg 1280w, https:\/\/emaus.org.br\/sorocaba\/wp-content\/uploads\/2017\/08\/IMG-20171223-WA0019-768x744.jpg 768w, https:\/\/emaus.org.br\/sorocaba\/wp-content\/uploads\/2017\/08\/IMG-20171223-WA0019-310x300.jpg 310w\" sizes=\"auto, (max-width: 183px) 100vw, 183px\" \/><\/p>\n<p>&nbsp;<\/p>\n<p><strong>VOGAIS<\/strong><br \/>\nMurilo e Let\u00edcia<\/p>\n<p>&nbsp;<\/p>\n<p>&nbsp;<\/p>\n","protected":false},"excerpt":{"rendered":"<p>&nbsp; &nbsp; &nbsp; &nbsp; &nbsp; &nbsp; DIRETOR ESPIRITUAL Pe. Wilson Roberto da Silva Par\u00f3quia Nossa Senhora de F\u00e1tima (Campolim &#8211; Sorocaba) &nbsp; &nbsp; &nbsp; PRESIDENTE Guto &nbsp; &nbsp; &nbsp; PRESIDENTE Cec\u00edlia Val\u00e9ria &nbsp; &nbsp; VICE-PRESIDENTES Cesar e Dagmar &nbsp; &nbsp; ESCOLA MISSION\u00c1RIA Alan e Virg\u00ednia &nbsp; &nbsp; VOGAIS Murilo e &hellip;<\/p>\n","protected":false},"author":1,"featured_media":0,"parent":197,"menu_order":4,"comment_status":"closed","ping_status":"closed","template":"","meta":{"footnotes":""},"class_list":["post-191","page","type-page","status-publish","hentry"],"_links":{"self":[{"href":"https:\/\/emaus.org.br\/sorocaba\/wp-json\/wp\/v2\/pages\/191","targetHints":{"allow":["GET"]}}],"collection":[{"href":"https:\/\/emaus.org.br\/sorocaba\/wp-json\/wp\/v2\/pages"}],"about":[{"href":"https:\/\/emaus.org.br\/sorocaba\/wp-json\/wp\/v2\/types\/page"}],"author":[{"embeddable":true,"href":"https:\/\/emaus.org.br\/sorocaba\/wp-json\/wp\/v2\/users\/1"}],"replies":[{"embeddable":true,"href":"https:\/\/emaus.org.br\/sorocaba\/wp-json\/wp\/v2\/comments?post=191"}],"version-history":[{"count":9,"href":"https:\/\/emaus.org.br\/sorocaba\/wp-json\/wp\/v2\/pages\/191\/revisions"}],"predecessor-version":[{"id":451,"href":"https:\/\/emaus.org.br\/sorocaba\/wp-json\/wp\/v2\/pages\/191\/revisions\/451"}],"up":[{"embeddable":true,"href":"https:\/\/emaus.org.br\/sorocaba\/wp-json\/wp\/v2\/pages\/197"}],"wp:attachment":[{"href":"https:\/\/emaus.org.br\/sorocaba\/wp-json\/wp\/v2\/media?parent=191"}],"curies":[{"name":"wp","href":"https:\/\/api.w.org\/{rel}","templated":true}]}}