{"id":377,"date":"2017-09-19T08:52:48","date_gmt":"2017-09-19T11:52:48","guid":{"rendered":"http:\/\/emaus.org.br\/sorocaba_wp_new\/?page_id=377"},"modified":"2019-03-29T00:00:49","modified_gmt":"2019-03-29T03:00:49","slug":"secretariado-nacional","status":"publish","type":"page","link":"https:\/\/emaus.org.br\/sorocaba\/estrutura\/secretariado-nacional\/","title":{"rendered":"Secretariado Nacional"},"content":{"rendered":"<p>O Instituto das Comunidades Mission\u00e1rias de Ema\u00fas (ICME) \u00e9 dirigido e administrado pelo Secretariado Nacional. A escolha dos seus membros acontece para um mandato de quatro anos, durante a realiza\u00e7\u00e3o dos \u201cEncontros do Conselho Nacional\u201d (ECNE), podendo seus componentes ser mantidos por mais um per\u00edodo, extinguindo-se seu mandato no ato da posse dos novos membros que os substitu\u00edrem.<\/p>\n<p>Atualmente o Secretariado Nacional \u00e9 composto pelos seguintes membros:<\/p>\n<hr \/>\n<p><strong>Presidente do Conselho Nacional:<\/strong><br \/>\nDom Eduardo Benes de Sales Rodrigues, Arcebispo Em\u00e9rito de Sorocaba \u2013 SP<\/p>\n<hr \/>\n<p><strong>Diretor Espiritual:<br \/>\n<\/strong>Pe. Ign\u00e1cio Pilz<\/p>\n<hr \/>\n<p><strong>Assessor do Diretor Espiritual:<br \/>\n<\/strong>Pe. Welder de Carvalho Silva<\/p>\n<hr \/>\n<p><strong>Casal-Presidente:<\/strong><br \/>\nMarcelo Luiz Souza da Eira e Val\u00e9ria Cristina Peixoto da Eira<\/p>\n<hr \/>\n<p><strong>Casal Vice-Presidente:<br \/>\n<\/strong>Andr\u00e9 das Neves Dameda e Lisete Corr\u00eaa Dameda<\/p>\n<hr \/>\n<p><strong>1\u00ba Tesoureiro:<\/strong><br \/>\nRodrigo Dihl Schiffner<\/p>\n<hr \/>\n<p><strong>2\u00ba Tesoureiro:\u00a0<\/strong><br \/>\nFernando C\u00e9sar Faria Cabral<\/p>\n<hr \/>\n<p><strong>Administrador da Internet (Webmaster):<\/strong><br \/>\nWillian Jos\u00e9 de Carvalho<\/p>\n<hr \/>\n<p><strong>1\u00ba Secret\u00e1rio:<\/strong><br \/>\nRodrigo da Silva<\/p>\n<hr \/>\n<p><strong>2\u00aa Secret\u00e1ria:<\/strong><br \/>\nSantuza de Lima Garcia<\/p>\n","protected":false},"excerpt":{"rendered":"<p>O Instituto das Comunidades Mission\u00e1rias de Ema\u00fas (ICME) \u00e9 dirigido e administrado pelo Secretariado Nacional. A escolha dos seus membros acontece para um mandato de quatro anos, durante a realiza\u00e7\u00e3o dos \u201cEncontros do Conselho Nacional\u201d (ECNE), podendo seus componentes ser mantidos por mais um per\u00edodo, extinguindo-se seu mandato no ato &hellip;<\/p>\n","protected":false},"author":1,"featured_media":0,"parent":197,"menu_order":0,"comment_status":"closed","ping_status":"closed","template":"","meta":{"footnotes":""},"class_list":["post-377","page","type-page","status-publish","hentry"],"_links":{"self":[{"href":"https:\/\/emaus.org.br\/sorocaba\/wp-json\/wp\/v2\/pages\/377","targetHints":{"allow":["GET"]}}],"collection":[{"href":"https:\/\/emaus.org.br\/sorocaba\/wp-json\/wp\/v2\/pages"}],"about":[{"href":"https:\/\/emaus.org.br\/sorocaba\/wp-json\/wp\/v2\/types\/page"}],"author":[{"embeddable":true,"href":"https:\/\/emaus.org.br\/sorocaba\/wp-json\/wp\/v2\/users\/1"}],"replies":[{"embeddable":true,"href":"https:\/\/emaus.org.br\/sorocaba\/wp-json\/wp\/v2\/comments?post=377"}],"version-history":[{"count":2,"href":"https:\/\/emaus.org.br\/sorocaba\/wp-json\/wp\/v2\/pages\/377\/revisions"}],"predecessor-version":[{"id":469,"href":"https:\/\/emaus.org.br\/sorocaba\/wp-json\/wp\/v2\/pages\/377\/revisions\/469"}],"up":[{"embeddable":true,"href":"https:\/\/emaus.org.br\/sorocaba\/wp-json\/wp\/v2\/pages\/197"}],"wp:attachment":[{"href":"https:\/\/emaus.org.br\/sorocaba\/wp-json\/wp\/v2\/media?parent=377"}],"curies":[{"name":"wp","href":"https:\/\/api.w.org\/{rel}","templated":true}]}}