{"id":379,"date":"2017-09-19T08:53:20","date_gmt":"2017-09-19T11:53:20","guid":{"rendered":"http:\/\/emaus.org.br\/sorocaba_wp_new\/?page_id=379"},"modified":"2019-03-31T12:59:26","modified_gmt":"2019-03-31T15:59:26","slug":"secretariados-regionais","status":"publish","type":"page","link":"https:\/\/emaus.org.br\/sorocaba\/estrutura\/secretariados-regionais\/","title":{"rendered":"Secretariados Regionais"},"content":{"rendered":"<header>\n<h1 class=\"entry-title singular-title\"><\/h1>\n<\/header>\n<div class=\"entry-content\">\n<div id=\"pl-379\" class=\"panel-layout\">\n<div id=\"pg-379-0\" class=\"panel-grid panel-no-style\">\n<div id=\"pgc-379-0-0\" class=\"panel-grid-cell\" data-weight=\"1\">\n<div id=\"panel-379-0-0-0\" class=\"so-panel widget widget_sow-editor panel-first-child panel-last-child\" data-index=\"0\" data-style=\"{&quot;background&quot;:&quot;#e0e0e0&quot;,&quot;background_image_attachment&quot;:false,&quot;background_display&quot;:&quot;tile&quot;}\">\n<div class=\"panel-widget-style panel-widget-style-for-379-0-0-0\">\n<div class=\"so-widget-sow-editor so-widget-sow-editor-base\">\n<div class=\"siteorigin-widget-tinymce textwidget\">\n<p>Para colabora na integraliza\u00e7\u00e3o do Movimento de Ema\u00fas em todo os lugares que ele existe, fica a cargo do Secretariado Nacional criar os Secretariados Regionais, que funcionam como representantes do Secretariado Nacional junto aos diversos (sub) secretariados (arqui) diocesanos das regi\u00f5es para as quais onde forem designados.<\/p>\n<p>Os Secretariados Regionais t\u00eam a seguinte composi\u00e7\u00e3o:<br \/>\na) o Diretor Espiritual; b) um Casal Coordenador; c) o Secret\u00e1rio e d) o Coordenador dos Cantores e Cantoras.<\/p>\n<hr \/>\n<hr \/>\n<p><strong>Regional Sul 1<br \/>\nSecretariados: Baj\u00e9; Cachoeira do Sul; Caxias do Sul; Cruz Alta; Frederico Westphalen; Os\u00f3rio; Pelotas; Porto Alegre; Rio Grande; Santa Maria; Santo Angelo.<br \/>\nCasal Coordenador:<\/strong><br \/>\nJo\u00e3o Tibiri\u00e7\u00e1 Nunes Costa Taborda e Cl\u00e1udia Greiner Egas Taborda<\/p>\n<p><strong>Diretor Espiritual:<br \/>\n<\/strong>Frei \u00c1lvaro Bordignon<\/p>\n<p>&nbsp;<\/p>\n<p>&nbsp;<\/p>\n<hr \/>\n<p><strong>Regional Sul 2<br \/>\nSecretariados: Florian\u00f3polis; Joinville e Subsecretariado de Brusque.<\/strong><br \/>\n<strong>Casal Coordenador:<\/strong><br \/>\nFernando de Toledo Barros Wendhausen e Isabel Cristina de Faria Wendhausen<\/p>\n<p><strong>Diretor Espiritual:<br \/>\n<\/strong>Pe. Dr. Victor Galdino Feller<strong><br \/>\n<\/strong><\/p>\n<p>&nbsp;<\/p>\n<p>&nbsp;<\/p>\n<p><strong>Regional Sudeste 1<br \/>\nSecretariados:\u00a0Itapetininga, Jundia\u00ed, S\u00e3o Paulo e Sorocaba,Pr\u00e9-Secretariado de Itapeva<br \/>\nCasal Coordenador:<br \/>\n<\/strong>Jo\u00e3o Evaristo de Souza e Fernanda Meneghatti Magro Souza<\/p>\n<p><strong>Diretor Espiritual:<br \/>\n<\/strong>Pe. Ricardo de Oliveira<strong><br \/>\n<\/strong><\/p>\n<p>&nbsp;<\/p>\n<p>&nbsp;<\/p>\n<p><strong>Regional Sudeste 2<br \/>\nSecretariados: Juiz de Fora, Mariana, Lavras, S\u00e3o Jo\u00e3o del-Rei, Valen\u00e7a<br \/>\nCasal Coordenador:<br \/>\n<\/strong>Edson de Souza Simas e Ang\u00e9lica Flores de Oliveira<\/p>\n<p><strong>Diretor Espiritual:<br \/>\n<\/strong>Pe. Bolivar Vieira de Rezende Queiroz<strong><br \/>\n<\/strong><\/p>\n<p>&nbsp;<\/p>\n<p>&nbsp;<\/p>\n<p><strong>Regional Centro Oeste<br \/>\nSecretariados:\u00a0Bras\u00edlia<br \/>\nCasal Coordenador:<br \/>\n<\/strong>Lu\u00eds Gustavo Loyola dos Santos e Vera L\u00facia Machado dos Santos<\/p>\n<p><strong>Diretor Espiritual:<br \/>\n<\/strong>Pe. Ign\u00e1cio Pilz<\/p>\n<p>&nbsp;<\/p>\n<\/div>\n<\/div>\n<\/div>\n<\/div>\n<\/div>\n<\/div>\n<\/div>\n<\/div>\n","protected":false},"excerpt":{"rendered":"<p>Para colabora na integraliza\u00e7\u00e3o do Movimento de Ema\u00fas em todo os lugares que ele existe, fica a cargo do Secretariado Nacional criar os Secretariados Regionais, que funcionam como representantes do Secretariado Nacional junto aos diversos (sub) secretariados (arqui) diocesanos das regi\u00f5es para as quais onde forem designados. Os Secretariados Regionais &hellip;<\/p>\n","protected":false},"author":1,"featured_media":0,"parent":197,"menu_order":0,"comment_status":"closed","ping_status":"closed","template":"","meta":{"footnotes":""},"class_list":["post-379","page","type-page","status-publish","hentry"],"_links":{"self":[{"href":"https:\/\/emaus.org.br\/sorocaba\/wp-json\/wp\/v2\/pages\/379","targetHints":{"allow":["GET"]}}],"collection":[{"href":"https:\/\/emaus.org.br\/sorocaba\/wp-json\/wp\/v2\/pages"}],"about":[{"href":"https:\/\/emaus.org.br\/sorocaba\/wp-json\/wp\/v2\/types\/page"}],"author":[{"embeddable":true,"href":"https:\/\/emaus.org.br\/sorocaba\/wp-json\/wp\/v2\/users\/1"}],"replies":[{"embeddable":true,"href":"https:\/\/emaus.org.br\/sorocaba\/wp-json\/wp\/v2\/comments?post=379"}],"version-history":[{"count":7,"href":"https:\/\/emaus.org.br\/sorocaba\/wp-json\/wp\/v2\/pages\/379\/revisions"}],"predecessor-version":[{"id":517,"href":"https:\/\/emaus.org.br\/sorocaba\/wp-json\/wp\/v2\/pages\/379\/revisions\/517"}],"up":[{"embeddable":true,"href":"https:\/\/emaus.org.br\/sorocaba\/wp-json\/wp\/v2\/pages\/197"}],"wp:attachment":[{"href":"https:\/\/emaus.org.br\/sorocaba\/wp-json\/wp\/v2\/media?parent=379"}],"curies":[{"name":"wp","href":"https:\/\/api.w.org\/{rel}","templated":true}]}}