{"id":386,"date":"2017-09-19T08:55:38","date_gmt":"2017-09-19T11:55:38","guid":{"rendered":"http:\/\/emaus.org.br\/sorocaba_wp_new\/?page_id=386"},"modified":"2020-01-29T20:41:24","modified_gmt":"2020-01-29T23:41:24","slug":"proximos-cursos","status":"publish","type":"page","link":"https:\/\/emaus.org.br\/sorocaba\/cursos\/proximos-cursos\/","title":{"rendered":"Fa\u00e7a sua inscri\u00e7\u00e3o"},"content":{"rendered":"<p>Pr\u00f3ximos Cursos:<\/p>\n<p>81\u00ba Feminino: 18\/04 \u00e0 21\/04 de 2020<\/p>\n<p>81\u00ba Masculino: 04\/09 \u00e0 07\/09 de 2020<\/p>\n<p><strong>Inscri\u00e7\u00e3o para Pr\u00f3ximo Curso.<\/strong><\/p>\n<p><a href=\"https:\/\/forms.gle\/LWiAqWYruxXr4KfE9\">Clique AQUI para realizar sua inscri\u00e7\u00e3o<\/a><\/p>\n","protected":false},"excerpt":{"rendered":"<p>Pr\u00f3ximos Cursos: 81\u00ba Feminino: 18\/04 \u00e0 21\/04 de 2020 81\u00ba Masculino: 04\/09 \u00e0 07\/09 de 2020 Inscri\u00e7\u00e3o para Pr\u00f3ximo Curso. Clique AQUI para realizar sua inscri\u00e7\u00e3o<\/p>\n","protected":false},"author":1,"featured_media":0,"parent":202,"menu_order":0,"comment_status":"closed","ping_status":"closed","template":"","meta":{"footnotes":""},"class_list":["post-386","page","type-page","status-publish","hentry"],"_links":{"self":[{"href":"https:\/\/emaus.org.br\/sorocaba\/wp-json\/wp\/v2\/pages\/386","targetHints":{"allow":["GET"]}}],"collection":[{"href":"https:\/\/emaus.org.br\/sorocaba\/wp-json\/wp\/v2\/pages"}],"about":[{"href":"https:\/\/emaus.org.br\/sorocaba\/wp-json\/wp\/v2\/types\/page"}],"author":[{"embeddable":true,"href":"https:\/\/emaus.org.br\/sorocaba\/wp-json\/wp\/v2\/users\/1"}],"replies":[{"embeddable":true,"href":"https:\/\/emaus.org.br\/sorocaba\/wp-json\/wp\/v2\/comments?post=386"}],"version-history":[{"count":13,"href":"https:\/\/emaus.org.br\/sorocaba\/wp-json\/wp\/v2\/pages\/386\/revisions"}],"predecessor-version":[{"id":652,"href":"https:\/\/emaus.org.br\/sorocaba\/wp-json\/wp\/v2\/pages\/386\/revisions\/652"}],"up":[{"embeddable":true,"href":"https:\/\/emaus.org.br\/sorocaba\/wp-json\/wp\/v2\/pages\/202"}],"wp:attachment":[{"href":"https:\/\/emaus.org.br\/sorocaba\/wp-json\/wp\/v2\/media?parent=386"}],"curies":[{"name":"wp","href":"https:\/\/api.w.org\/{rel}","templated":true}]}}