{"id":518,"date":"2019-03-31T13:01:32","date_gmt":"2019-03-31T16:01:32","guid":{"rendered":"http:\/\/emaus.org.br\/sorocaba_wp\/?page_id=518"},"modified":"2019-03-31T13:01:51","modified_gmt":"2019-03-31T16:01:51","slug":"escola-missionaria","status":"publish","type":"page","link":"https:\/\/emaus.org.br\/sorocaba\/estrutura\/escola-missionaria\/","title":{"rendered":"Escola Mission\u00e1ria"},"content":{"rendered":"<p>A Escola Mission\u00e1ria, s\u00e3o encontros abertos a todos, que promovem um maior aprofundamento em temas voltados a Igreja e o cotidiano do Jovem hoje em dia.<\/p>\n<p>&nbsp;<\/p>\n<p>Nossos encontros acontecem \u00e0s Sextas-feiras, a partir das 20:00<\/p>\n<p>&nbsp;<\/p>\n<p>Local:<\/p>\n<p>Instituto das Comunidades Mission\u00e1rias de Ema\u00fas &#8211; Secretariado de Sorocaba<\/p>\n<p>Av. Eug\u00eanio Salerno, 60 &#8211; fundos<\/p>\n<p>Sorocaba &#8211; SP<\/p>\n","protected":false},"excerpt":{"rendered":"<p>A Escola Mission\u00e1ria, s\u00e3o encontros abertos a todos, que promovem um maior aprofundamento em temas voltados a Igreja e o cotidiano do Jovem hoje em dia. &nbsp; Nossos encontros acontecem \u00e0s Sextas-feiras, a partir das 20:00 &nbsp; Local: Instituto das Comunidades Mission\u00e1rias de Ema\u00fas &#8211; Secretariado de Sorocaba Av. Eug\u00eanio &hellip;<\/p>\n","protected":false},"author":5,"featured_media":0,"parent":197,"menu_order":5,"comment_status":"closed","ping_status":"closed","template":"","meta":{"footnotes":""},"class_list":["post-518","page","type-page","status-publish","hentry"],"_links":{"self":[{"href":"https:\/\/emaus.org.br\/sorocaba\/wp-json\/wp\/v2\/pages\/518","targetHints":{"allow":["GET"]}}],"collection":[{"href":"https:\/\/emaus.org.br\/sorocaba\/wp-json\/wp\/v2\/pages"}],"about":[{"href":"https:\/\/emaus.org.br\/sorocaba\/wp-json\/wp\/v2\/types\/page"}],"author":[{"embeddable":true,"href":"https:\/\/emaus.org.br\/sorocaba\/wp-json\/wp\/v2\/users\/5"}],"replies":[{"embeddable":true,"href":"https:\/\/emaus.org.br\/sorocaba\/wp-json\/wp\/v2\/comments?post=518"}],"version-history":[{"count":1,"href":"https:\/\/emaus.org.br\/sorocaba\/wp-json\/wp\/v2\/pages\/518\/revisions"}],"predecessor-version":[{"id":519,"href":"https:\/\/emaus.org.br\/sorocaba\/wp-json\/wp\/v2\/pages\/518\/revisions\/519"}],"up":[{"embeddable":true,"href":"https:\/\/emaus.org.br\/sorocaba\/wp-json\/wp\/v2\/pages\/197"}],"wp:attachment":[{"href":"https:\/\/emaus.org.br\/sorocaba\/wp-json\/wp\/v2\/media?parent=518"}],"curies":[{"name":"wp","href":"https:\/\/api.w.org\/{rel}","templated":true}]}}