{"id":533,"date":"2019-04-03T17:37:37","date_gmt":"2019-04-03T20:37:37","guid":{"rendered":"http:\/\/emaus.org.br\/sorocaba_wp\/?page_id=533"},"modified":"2019-04-03T17:48:37","modified_gmt":"2019-04-03T20:48:37","slug":"missas-e-confissoes","status":"publish","type":"page","link":"https:\/\/emaus.org.br\/sorocaba\/arquidiocese\/missas-e-confissoes\/","title":{"rendered":"Missas e Confiss\u00f5es"},"content":{"rendered":"<p>&nbsp;<\/p>\n<h3><strong>REGI\u00c3O PASTORAL &#8211; SOROCABA<\/strong><\/h3>\n<p>&nbsp;<\/p>\n<p>CATEDRAL METROPOLITANA DE NOSSA SENHORA DA PONTE<\/p>\n<p>Missas:<\/p>\n<p>Domingo: 08:00\/ 10:00\/ 12:00\/ 18:00\/ 20:00<\/p>\n<p>Segunda \u00e0 Quinta: 12:00\/ 18:15<\/p>\n<p>Sexta:\u00a012:00\/ 15:00\/ 18:15<\/p>\n<p>S\u00e1bado: 12:00\/ 17:00<\/p>\n<p>Confiss\u00f5es:<\/p>\n<p>Ter\u00e7a \u00e0 sexta: 9h \u2013 11h<\/p>\n<p>Ter\u00e7a \u00e0 quinta: 14h30 \u2013 17h<\/p>\n","protected":false},"excerpt":{"rendered":"<p>&nbsp; REGI\u00c3O PASTORAL &#8211; SOROCABA &nbsp; CATEDRAL METROPOLITANA DE NOSSA SENHORA DA PONTE Missas: Domingo: 08:00\/ 10:00\/ 12:00\/ 18:00\/ 20:00 Segunda \u00e0 Quinta: 12:00\/ 18:15 Sexta:\u00a012:00\/ 15:00\/ 18:15 S\u00e1bado: 12:00\/ 17:00 Confiss\u00f5es: Ter\u00e7a \u00e0 sexta: 9h \u2013 11h Ter\u00e7a \u00e0 quinta: 14h30 \u2013 17h<\/p>\n","protected":false},"author":5,"featured_media":0,"parent":531,"menu_order":1,"comment_status":"closed","ping_status":"closed","template":"","meta":{"footnotes":""},"class_list":["post-533","page","type-page","status-publish","hentry"],"_links":{"self":[{"href":"https:\/\/emaus.org.br\/sorocaba\/wp-json\/wp\/v2\/pages\/533","targetHints":{"allow":["GET"]}}],"collection":[{"href":"https:\/\/emaus.org.br\/sorocaba\/wp-json\/wp\/v2\/pages"}],"about":[{"href":"https:\/\/emaus.org.br\/sorocaba\/wp-json\/wp\/v2\/types\/page"}],"author":[{"embeddable":true,"href":"https:\/\/emaus.org.br\/sorocaba\/wp-json\/wp\/v2\/users\/5"}],"replies":[{"embeddable":true,"href":"https:\/\/emaus.org.br\/sorocaba\/wp-json\/wp\/v2\/comments?post=533"}],"version-history":[{"count":3,"href":"https:\/\/emaus.org.br\/sorocaba\/wp-json\/wp\/v2\/pages\/533\/revisions"}],"predecessor-version":[{"id":544,"href":"https:\/\/emaus.org.br\/sorocaba\/wp-json\/wp\/v2\/pages\/533\/revisions\/544"}],"up":[{"embeddable":true,"href":"https:\/\/emaus.org.br\/sorocaba\/wp-json\/wp\/v2\/pages\/531"}],"wp:attachment":[{"href":"https:\/\/emaus.org.br\/sorocaba\/wp-json\/wp\/v2\/media?parent=533"}],"curies":[{"name":"wp","href":"https:\/\/api.w.org\/{rel}","templated":true}]}}